{"id":108332,"date":"2026-02-22T00:58:10","date_gmt":"2026-02-22T00:58:10","guid":{"rendered":"http:\/\/matchbaits.pt\/?post_type=product&#038;p=108332"},"modified":"2026-02-24T15:47:36","modified_gmt":"2026-02-24T15:47:36","slug":"grey-sherpa-bobble-hat","status":"publish","type":"product","link":"https:\/\/sopesca.pt\/en\/product\/grey-sherpa-bobble-hat\/","title":{"rendered":"Grey Sherpa Bobble Hat"},"content":{"rendered":"<h2>Grey Sherpa Bobble Hat<\/h2>\n<p>&nbsp;<\/p>\n<ul>\n<li>Gorro de malha com pompom.<\/li>\n<li>Forro Sherpa para frio extremo.<\/li>\n<li>Marca discreta em cinza.<\/li>\n<li>Tecido: 54% acr\u00edlico, 46% poli\u00e9ster.<\/li>\n<li>Forro: 100% poli\u00e9ster.<\/li>\n<\/ul>","protected":false},"excerpt":{"rendered":"<p>Grey Sherpa Bobble Hat &nbsp; Gorro de malha com pompom. Forro Sherpa para frio extremo. Marca discreta em cinza. Tecido: 54% acr\u00edlico, 46% poli\u00e9ster. Forro: 100% poli\u00e9ster.<\/p>","protected":false},"featured_media":108219,"comment_status":"open","ping_status":"closed","template":"","meta":{"_acf_changed":false},"product_brand":[579],"product_cat":[2379,2378],"product_tag":[],"class_list":{"0":"post-108332","1":"product","2":"type-product","3":"status-publish","4":"has-post-thumbnail","6":"product_brand-matrix","7":"product_cat-roupa-botas-bones-gorros","8":"product_cat-roupa-botas","10":"first","11":"instock","12":"shipping-taxable","13":"product-type-variable"},"acf":[],"_links":{"self":[{"href":"https:\/\/sopesca.pt\/en\/wp-json\/wp\/v2\/product\/108332","targetHints":{"allow":["GET"]}}],"collection":[{"href":"https:\/\/sopesca.pt\/en\/wp-json\/wp\/v2\/product"}],"about":[{"href":"https:\/\/sopesca.pt\/en\/wp-json\/wp\/v2\/types\/product"}],"replies":[{"embeddable":true,"href":"https:\/\/sopesca.pt\/en\/wp-json\/wp\/v2\/comments?post=108332"}],"wp:featuredmedia":[{"embeddable":true,"href":"https:\/\/sopesca.pt\/en\/wp-json\/wp\/v2\/media\/108219"}],"wp:attachment":[{"href":"https:\/\/sopesca.pt\/en\/wp-json\/wp\/v2\/media?parent=108332"}],"wp:term":[{"taxonomy":"product_brand","embeddable":true,"href":"https:\/\/sopesca.pt\/en\/wp-json\/wp\/v2\/product_brand?post=108332"},{"taxonomy":"product_cat","embeddable":true,"href":"https:\/\/sopesca.pt\/en\/wp-json\/wp\/v2\/product_cat?post=108332"},{"taxonomy":"product_tag","embeddable":true,"href":"https:\/\/sopesca.pt\/en\/wp-json\/wp\/v2\/product_tag?post=108332"}],"curies":[{"name":"wp","href":"https:\/\/api.w.org\/{rel}","templated":true}]}}