{"id":108476,"date":"2026-02-24T16:32:21","date_gmt":"2026-02-24T16:32:21","guid":{"rendered":"https:\/\/matchbaits.pt\/?post_type=product&#038;p=108476"},"modified":"2026-04-20T04:54:03","modified_gmt":"2026-04-20T04:54:03","slug":"matchbaits-super-method-hemp-tiger","status":"publish","type":"product","link":"https:\/\/sopesca.pt\/en\/product\/matchbaits-super-method-hemp-tiger\/","title":{"rendered":"MatchBaits &#8211; Super Method Hemp &#038; Tiger"},"content":{"rendered":"<h2>Super Method Hemp &amp; Tiger<\/h2>\n<h2><\/h2>\n<p><strong>Engodo premium para os pescadores mais exigentes<\/strong><\/p>\n<p>Uma mistura de farinhas tostadas e um forte aroma a Anan\u00e1s tornam este engodo super atrativo<br \/>\nA sua mec\u00e2nica rapida juntamente com a facilidade em se moldar fazem com que seja espec\u00edfico tanto para Method, bem como Feeder<br \/>\nEspecial aten\u00e7\u00e3o para uma quantidade de c\u00e2nhamo e Tiger Nuts em abund\u00e2ncia que as carpas tanto adoram<\/p>\n<p>&nbsp;<\/p>\n<p>Matchbaits<\/p>\n<p>N\u00famero de Aprova\u00e7\u00e3o &#8211; PT1AA29119<\/p>\n<p>Atividade &#8211; Industrial de alimentos compostos<\/p>","protected":false},"excerpt":{"rendered":"<p>Super Method Hemp &amp; Tiger Engodo premium para os pescadores mais exigentes Uma mistura de farinhas tostadas e um forte aroma a Anan\u00e1s tornam este engodo super atrativo A sua mec\u00e2nica rapida juntamente com a facilidade em se moldar fazem com que seja espec\u00edfico tanto para Method, bem como Feeder Especial aten\u00e7\u00e3o para uma quantidade [&hellip;]<\/p>\n","protected":false},"featured_media":108478,"comment_status":"open","ping_status":"closed","template":"","meta":{"_acf_changed":false},"product_brand":[2814],"product_cat":[5494,5491],"product_tag":[],"class_list":{"0":"post-108476","1":"product","2":"type-product","3":"status-publish","4":"has-post-thumbnail","6":"product_brand-matchbaits","7":"product_cat-engodo-terra-aditivos-engodo","8":"product_cat-engodo-terra-aditivo","10":"first","11":"instock","12":"shipping-taxable","13":"purchasable","14":"product-type-variable"},"acf":[],"_links":{"self":[{"href":"https:\/\/sopesca.pt\/en\/wp-json\/wp\/v2\/product\/108476","targetHints":{"allow":["GET"]}}],"collection":[{"href":"https:\/\/sopesca.pt\/en\/wp-json\/wp\/v2\/product"}],"about":[{"href":"https:\/\/sopesca.pt\/en\/wp-json\/wp\/v2\/types\/product"}],"replies":[{"embeddable":true,"href":"https:\/\/sopesca.pt\/en\/wp-json\/wp\/v2\/comments?post=108476"}],"wp:featuredmedia":[{"embeddable":true,"href":"https:\/\/sopesca.pt\/en\/wp-json\/wp\/v2\/media\/108478"}],"wp:attachment":[{"href":"https:\/\/sopesca.pt\/en\/wp-json\/wp\/v2\/media?parent=108476"}],"wp:term":[{"taxonomy":"product_brand","embeddable":true,"href":"https:\/\/sopesca.pt\/en\/wp-json\/wp\/v2\/product_brand?post=108476"},{"taxonomy":"product_cat","embeddable":true,"href":"https:\/\/sopesca.pt\/en\/wp-json\/wp\/v2\/product_cat?post=108476"},{"taxonomy":"product_tag","embeddable":true,"href":"https:\/\/sopesca.pt\/en\/wp-json\/wp\/v2\/product_tag?post=108476"}],"curies":[{"name":"wp","href":"https:\/\/api.w.org\/{rel}","templated":true}]}}