{"id":108480,"date":"2026-02-24T22:11:06","date_gmt":"2026-02-24T22:11:06","guid":{"rendered":"https:\/\/matchbaits.pt\/?post_type=product&#038;p=108480"},"modified":"2026-04-25T00:46:22","modified_gmt":"2026-04-25T00:46:22","slug":"matchbaits-super-method-hot-spices","status":"publish","type":"product","link":"https:\/\/sopesca.pt\/en\/product\/matchbaits-super-method-hot-spices\/","title":{"rendered":"MatchBaits &#8211; Super Method Hot Spices"},"content":{"rendered":"<h2>Super Method Hot Spices<\/h2>\n<h2><\/h2>\n<p><strong>Engodo premium para os pescadores mais exigentes<\/strong><\/p>\n<p>Um engodo com um poder de atra\u00e7\u00e3o brutal<br \/>\nElaborado com farinhas de elevada qualidade onde est\u00e3o presentes as especiarias e o picante o mo\u00eddo<br \/>\nA sua cor amarela vibrante com um toque de Fumigena fazem uma nuvem na \u00e1gua super atrativa<br \/>\nUm engodo indicado para selecionar os grandes exemplares<\/p>\n<p>&nbsp;<\/p>\n<p>Matchbaits<\/p>\n<p>N\u00famero de Aprova\u00e7\u00e3o &#8211; PT1AA29119<\/p>\n<p>Atividade &#8211; Industrial de alimentos compostos<\/p>","protected":false},"excerpt":{"rendered":"<p>Super Method Hot Spices Engodo premium para os pescadores mais exigentes Um engodo com um poder de atra\u00e7\u00e3o brutal Elaborado com farinhas de elevada qualidade onde est\u00e3o presentes as especiarias e o picante o mo\u00eddo A sua cor amarela vibrante com um toque de Fumigena fazem uma nuvem na \u00e1gua super atrativa Um engodo indicado [&hellip;]<\/p>\n","protected":false},"featured_media":108482,"comment_status":"open","ping_status":"closed","template":"","meta":{"_acf_changed":false},"product_brand":[2814],"product_cat":[5494,5491],"product_tag":[],"class_list":{"0":"post-108480","1":"product","2":"type-product","3":"status-publish","4":"has-post-thumbnail","6":"product_brand-matchbaits","7":"product_cat-engodo-terra-aditivos-engodo","8":"product_cat-engodo-terra-aditivo","10":"first","11":"instock","12":"shipping-taxable","13":"purchasable","14":"product-type-variable"},"acf":[],"_links":{"self":[{"href":"https:\/\/sopesca.pt\/en\/wp-json\/wp\/v2\/product\/108480","targetHints":{"allow":["GET"]}}],"collection":[{"href":"https:\/\/sopesca.pt\/en\/wp-json\/wp\/v2\/product"}],"about":[{"href":"https:\/\/sopesca.pt\/en\/wp-json\/wp\/v2\/types\/product"}],"replies":[{"embeddable":true,"href":"https:\/\/sopesca.pt\/en\/wp-json\/wp\/v2\/comments?post=108480"}],"wp:featuredmedia":[{"embeddable":true,"href":"https:\/\/sopesca.pt\/en\/wp-json\/wp\/v2\/media\/108482"}],"wp:attachment":[{"href":"https:\/\/sopesca.pt\/en\/wp-json\/wp\/v2\/media?parent=108480"}],"wp:term":[{"taxonomy":"product_brand","embeddable":true,"href":"https:\/\/sopesca.pt\/en\/wp-json\/wp\/v2\/product_brand?post=108480"},{"taxonomy":"product_cat","embeddable":true,"href":"https:\/\/sopesca.pt\/en\/wp-json\/wp\/v2\/product_cat?post=108480"},{"taxonomy":"product_tag","embeddable":true,"href":"https:\/\/sopesca.pt\/en\/wp-json\/wp\/v2\/product_tag?post=108480"}],"curies":[{"name":"wp","href":"https:\/\/api.w.org\/{rel}","templated":true}]}}