{"id":108495,"date":"2026-02-25T08:46:33","date_gmt":"2026-02-25T08:46:33","guid":{"rendered":"https:\/\/matchbaits.pt\/?post_type=product&#038;p=108495"},"modified":"2026-04-22T15:03:34","modified_gmt":"2026-04-22T15:03:34","slug":"matchbaits-tainhas","status":"publish","type":"product","link":"https:\/\/sopesca.pt\/en\/product\/matchbaits-tainhas\/","title":{"rendered":"Matchbaits &#8211; Tainhas"},"content":{"rendered":"<h2>MatchBaits &#8211; Tainhas<\/h2>\n<p>Elaborado com farinhas nobres onde o queijo, p\u00e3o ralado tostado e o pastoncino vermelho fazem a grande diferen\u00e7a<br \/>\nUm engodo pensado para a alta competi\u00e7\u00e3o de Boia Mar<\/p>","protected":false},"excerpt":{"rendered":"<p>MatchBaits &#8211; Tainhas Elaborado com farinhas nobres onde o queijo, p\u00e3o ralado tostado e o pastoncino vermelho fazem a grande diferen\u00e7a Um engodo pensado para a alta competi\u00e7\u00e3o de Boia Mar<\/p>","protected":false},"featured_media":108498,"comment_status":"open","ping_status":"closed","template":"","meta":{"_acf_changed":false},"product_brand":[2814],"product_cat":[5494,5491],"product_tag":[],"class_list":{"0":"post-108495","1":"product","2":"type-product","3":"status-publish","4":"has-post-thumbnail","6":"product_brand-matchbaits","7":"product_cat-engodo-terra-aditivos-engodo","8":"product_cat-engodo-terra-aditivo","10":"first","11":"instock","12":"shipping-taxable","13":"purchasable","14":"product-type-variable"},"acf":[],"_links":{"self":[{"href":"https:\/\/sopesca.pt\/en\/wp-json\/wp\/v2\/product\/108495","targetHints":{"allow":["GET"]}}],"collection":[{"href":"https:\/\/sopesca.pt\/en\/wp-json\/wp\/v2\/product"}],"about":[{"href":"https:\/\/sopesca.pt\/en\/wp-json\/wp\/v2\/types\/product"}],"replies":[{"embeddable":true,"href":"https:\/\/sopesca.pt\/en\/wp-json\/wp\/v2\/comments?post=108495"}],"wp:featuredmedia":[{"embeddable":true,"href":"https:\/\/sopesca.pt\/en\/wp-json\/wp\/v2\/media\/108498"}],"wp:attachment":[{"href":"https:\/\/sopesca.pt\/en\/wp-json\/wp\/v2\/media?parent=108495"}],"wp:term":[{"taxonomy":"product_brand","embeddable":true,"href":"https:\/\/sopesca.pt\/en\/wp-json\/wp\/v2\/product_brand?post=108495"},{"taxonomy":"product_cat","embeddable":true,"href":"https:\/\/sopesca.pt\/en\/wp-json\/wp\/v2\/product_cat?post=108495"},{"taxonomy":"product_tag","embeddable":true,"href":"https:\/\/sopesca.pt\/en\/wp-json\/wp\/v2\/product_tag?post=108495"}],"curies":[{"name":"wp","href":"https:\/\/api.w.org\/{rel}","templated":true}]}}