{"id":108724,"date":"2026-03-05T14:27:31","date_gmt":"2026-03-05T14:27:31","guid":{"rendered":"https:\/\/matchbaits.pt\/?post_type=product&#038;p=108724"},"modified":"2026-03-05T14:34:09","modified_gmt":"2026-03-05T14:34:09","slug":"mikado-sicario-8-5cm-tench","status":"publish","type":"product","link":"https:\/\/sopesca.pt\/en\/product\/mikado-sicario-8-5cm-tench\/","title":{"rendered":"Mikado Sicario 8.5cm &#8211; Tench"},"content":{"rendered":"<h2>Tench<\/h2>\n<p>Com apar\u00eancia realista, movimento intenso da cauda e vibra\u00e7\u00e3o bem pronunciada do corpo, a isca artificial Sicario \u00e9 extremamente eficaz para diversos tipos de predadores. Os tamanhos menores atraem percas e l\u00facio-percas; os maiores certamente v\u00e3o despertar a aten\u00e7\u00e3o dos l\u00facios.<\/p>","protected":false},"excerpt":{"rendered":"<p>Tench Com apar\u00eancia realista, movimento intenso da cauda e vibra\u00e7\u00e3o bem pronunciada do corpo, a isca artificial Sicario \u00e9 extremamente eficaz para diversos tipos de predadores. Os tamanhos menores atraem percas e l\u00facio-percas; os maiores certamente v\u00e3o despertar a aten\u00e7\u00e3o dos l\u00facios.<\/p>","protected":false},"featured_media":108726,"comment_status":"open","ping_status":"closed","template":"","meta":{"_acf_changed":false},"product_brand":[1235],"product_cat":[2308,2310],"product_tag":[],"class_list":{"0":"post-108724","1":"product","2":"type-product","3":"status-publish","4":"has-post-thumbnail","6":"product_brand-mikado","7":"product_cat-predadores","8":"product_cat-predadores-vinis","10":"first","11":"instock","12":"shipping-taxable","13":"purchasable","14":"product-type-variable"},"acf":[],"_links":{"self":[{"href":"https:\/\/sopesca.pt\/en\/wp-json\/wp\/v2\/product\/108724","targetHints":{"allow":["GET"]}}],"collection":[{"href":"https:\/\/sopesca.pt\/en\/wp-json\/wp\/v2\/product"}],"about":[{"href":"https:\/\/sopesca.pt\/en\/wp-json\/wp\/v2\/types\/product"}],"replies":[{"embeddable":true,"href":"https:\/\/sopesca.pt\/en\/wp-json\/wp\/v2\/comments?post=108724"}],"wp:featuredmedia":[{"embeddable":true,"href":"https:\/\/sopesca.pt\/en\/wp-json\/wp\/v2\/media\/108726"}],"wp:attachment":[{"href":"https:\/\/sopesca.pt\/en\/wp-json\/wp\/v2\/media?parent=108724"}],"wp:term":[{"taxonomy":"product_brand","embeddable":true,"href":"https:\/\/sopesca.pt\/en\/wp-json\/wp\/v2\/product_brand?post=108724"},{"taxonomy":"product_cat","embeddable":true,"href":"https:\/\/sopesca.pt\/en\/wp-json\/wp\/v2\/product_cat?post=108724"},{"taxonomy":"product_tag","embeddable":true,"href":"https:\/\/sopesca.pt\/en\/wp-json\/wp\/v2\/product_tag?post=108724"}],"curies":[{"name":"wp","href":"https:\/\/api.w.org\/{rel}","templated":true}]}}