{"id":108786,"date":"2026-03-05T15:25:10","date_gmt":"2026-03-05T15:25:10","guid":{"rendered":"https:\/\/matchbaits.pt\/?post_type=product&#038;p=108786"},"modified":"2026-04-24T23:43:54","modified_gmt":"2026-04-24T23:43:54","slug":"matchbaits-bandum-mel","status":"publish","type":"product","link":"https:\/\/sopesca.pt\/en\/product\/matchbaits-bandum-mel\/","title":{"rendered":"Matchbaits &#8211; Honey Bandum"},"content":{"rendered":"<h2>Bandum &#8211; Honey<\/h2>\n<p>Eleve o n\u00edvel da sua pesca com os Wafters de 6mm da MatchBaits Desenvolvidos especificamente para pescadores que procuram alta performance em competi\u00e7\u00f5es e lazer, estes iscos combinam uma \u00f3tima flutuabilidade com um aspeto visual e olfativo irresist\u00edvel.<\/p>\n<p><strong>Destaques do Produto:<\/strong><\/p>\n<ul>\n<li>\u200bEquil\u00edbrio Perfeito: Sendo estes &#8220;Bandum&#8221;, projetados para anular o peso do anzol, permitindo que o isco flutue suavemente logo acima do fundo ou sobre o alimentador (feeder), facilitando a suc\u00e7\u00e3o pelo peixe<\/li>\n<\/ul>\n<p><strong>\u200bSabor Mel:<\/strong><\/p>\n<ul>\n<li>O aroma intenso a Mel cria uma &#8220;explos\u00e3o de sabor&#8221; na \u00e1gua, atraindo Carpas, Pimp\u00f5es e outros peixes de fundo com rapidez<\/li>\n<\/ul>\n<p><strong>Visual bi-Color:<\/strong><\/p>\n<ul>\n<li>A cor amarela e bege permite destacar-se em diferentes tipos de leito e condi\u00e7\u00f5es de visibilidade da \u00e1gua<\/li>\n<\/ul>\n<p><strong>\u200bTextura Soft (Macia)<\/strong>:<\/p>\n<ul>\n<li>Com 5mm e textura macia, s\u00e3o f\u00e1ceis de fixar em an\u00e9is de silicone (bait bands) ou espetos (bayonets), mantendo a integridade mesmo em esperas longas<\/li>\n<\/ul>\n<p>&nbsp;<\/p>\n<p>Matchbaits<\/p>\n<p>N\u00famero de Aprova\u00e7\u00e3o \u2013 PT1AA29119<\/p>\n<p>Atividade \u2013 Industrial de alimentos compostos<\/p>","protected":false},"excerpt":{"rendered":"<p>Bandum &#8211; Honey Eleve o n\u00edvel da sua pesca com os Wafters de 6mm da MatchBaits Desenvolvidos especificamente para pescadores que procuram alta performance em competi\u00e7\u00f5es e lazer, estes iscos combinam uma \u00f3tima flutuabilidade com um aspeto visual e olfativo irresist\u00edvel. Destaques do Produto: \u200bEquil\u00edbrio Perfeito: Sendo estes &#8220;Bandum&#8221;, projetados para anular o peso do [&hellip;]<\/p>\n","protected":false},"featured_media":108752,"comment_status":"open","ping_status":"closed","template":"","meta":{"_acf_changed":false},"product_brand":[2814],"product_cat":[5611,2282,2283],"product_tag":[],"class_list":{"0":"post-108786","1":"product","2":"type-product","3":"status-publish","4":"has-post-thumbnail","6":"product_brand-matchbaits","7":"product_cat-bandum","8":"product_cat-iscos-colas","9":"product_cat-iscos-colas-wafters","11":"first","12":"instock","13":"shipping-taxable","14":"purchasable","15":"product-type-variable"},"acf":[],"_links":{"self":[{"href":"https:\/\/sopesca.pt\/en\/wp-json\/wp\/v2\/product\/108786","targetHints":{"allow":["GET"]}}],"collection":[{"href":"https:\/\/sopesca.pt\/en\/wp-json\/wp\/v2\/product"}],"about":[{"href":"https:\/\/sopesca.pt\/en\/wp-json\/wp\/v2\/types\/product"}],"replies":[{"embeddable":true,"href":"https:\/\/sopesca.pt\/en\/wp-json\/wp\/v2\/comments?post=108786"}],"wp:featuredmedia":[{"embeddable":true,"href":"https:\/\/sopesca.pt\/en\/wp-json\/wp\/v2\/media\/108752"}],"wp:attachment":[{"href":"https:\/\/sopesca.pt\/en\/wp-json\/wp\/v2\/media?parent=108786"}],"wp:term":[{"taxonomy":"product_brand","embeddable":true,"href":"https:\/\/sopesca.pt\/en\/wp-json\/wp\/v2\/product_brand?post=108786"},{"taxonomy":"product_cat","embeddable":true,"href":"https:\/\/sopesca.pt\/en\/wp-json\/wp\/v2\/product_cat?post=108786"},{"taxonomy":"product_tag","embeddable":true,"href":"https:\/\/sopesca.pt\/en\/wp-json\/wp\/v2\/product_tag?post=108786"}],"curies":[{"name":"wp","href":"https:\/\/api.w.org\/{rel}","templated":true}]}}