{"id":108827,"date":"2026-03-06T17:18:03","date_gmt":"2026-03-06T17:18:03","guid":{"rendered":"https:\/\/sopesca.pt\/?post_type=product&#038;p=108827"},"modified":"2026-03-06T17:34:18","modified_gmt":"2026-03-06T17:34:18","slug":"matrix-folding-side-tray-xl","status":"publish","type":"product","link":"https:\/\/sopesca.pt\/en\/product\/matrix-folding-side-tray-xl\/","title":{"rendered":"Matrix folding side tray &#8211; XL"},"content":{"rendered":"<h2>Matrix Slim Extending Side Tray &#8211; XL<\/h2>\n<div id=\"js-description\" class=\"txt-base descripcion-length\">\n<div id=\"desc\">\n<p>Ideal para ser usado como bandeja lateral principal para pescadores que precisam de espa\u00e7o extra, mas devido \u00e0 caracter\u00edstica \u00fanica de dobragem, ainda \u00e9 compacto para transporte de e para a margem.<\/p>\n<p>Caracter\u00edsticas:<\/p>\n<p>&#8211; Ideal para ser usado como bandeja lateral principal para pescadores que precisam de espa\u00e7o extra.<br \/>\n&#8211; Fornecido com quatro grampos de perna m\u00f3veis que podem ser movidos para se ajustarem a diferentes caixas de assento.<br \/>\n&#8211; Os grampos de perna podem ser adicionados ao lado externo para usar pernas de suporte (recomendado).<br \/>\n&#8211; Clips de travamento seguram com seguran\u00e7a as partes dobradas durante o transporte.<br \/>\n&#8211; Constru\u00eddo usando nossa extrus\u00e3o de borda externa X-forte.<br \/>\n&#8211; Compat\u00edvel com todos os nossos acess\u00f3rios de bandeja lateral com clip.<br \/>\n&#8211; Superf\u00edcie perfurada para evitar o ac\u00famulo de \u00e1gua e isca.<\/p>\n<p>Especifica\u00e7\u00f5es:<\/p>\n<p>&#8211; Compat\u00edvel com pernas redondas de 25mm, 30mm e 36mm.<br \/>\n&#8211; Dimens\u00f5es: Aberto 90.5x50cm \/ Fechado 47x50cm.<br \/>\n&#8211; Peso: 3.7kg.<\/p>\n<\/div>\n<\/div>","protected":false},"excerpt":{"rendered":"<p>Matrix Slim Extending Side Tray &#8211; XL Ideal para ser usado como bandeja lateral principal para pescadores que precisam de espa\u00e7o extra, mas devido \u00e0 caracter\u00edstica \u00fanica de dobragem, ainda \u00e9 compacto para transporte de e para a margem. Caracter\u00edsticas: &#8211; Ideal para ser usado como bandeja lateral principal para pescadores que precisam de espa\u00e7o [&hellip;]<\/p>\n","protected":false},"featured_media":108828,"comment_status":"open","ping_status":"closed","template":"","meta":{"_acf_changed":false},"product_brand":[579],"product_cat":[2371,2300],"product_tag":[],"class_list":{"0":"post-108827","1":"product","2":"type-product","3":"status-publish","4":"has-post-thumbnail","6":"product_brand-matrix","7":"product_cat-panier-acessorios-mesas","8":"product_cat-panier-acessorios","10":"first","11":"instock","12":"shipping-taxable","13":"purchasable","14":"product-type-simple"},"acf":[],"_links":{"self":[{"href":"https:\/\/sopesca.pt\/en\/wp-json\/wp\/v2\/product\/108827","targetHints":{"allow":["GET"]}}],"collection":[{"href":"https:\/\/sopesca.pt\/en\/wp-json\/wp\/v2\/product"}],"about":[{"href":"https:\/\/sopesca.pt\/en\/wp-json\/wp\/v2\/types\/product"}],"replies":[{"embeddable":true,"href":"https:\/\/sopesca.pt\/en\/wp-json\/wp\/v2\/comments?post=108827"}],"wp:featuredmedia":[{"embeddable":true,"href":"https:\/\/sopesca.pt\/en\/wp-json\/wp\/v2\/media\/108828"}],"wp:attachment":[{"href":"https:\/\/sopesca.pt\/en\/wp-json\/wp\/v2\/media?parent=108827"}],"wp:term":[{"taxonomy":"product_brand","embeddable":true,"href":"https:\/\/sopesca.pt\/en\/wp-json\/wp\/v2\/product_brand?post=108827"},{"taxonomy":"product_cat","embeddable":true,"href":"https:\/\/sopesca.pt\/en\/wp-json\/wp\/v2\/product_cat?post=108827"},{"taxonomy":"product_tag","embeddable":true,"href":"https:\/\/sopesca.pt\/en\/wp-json\/wp\/v2\/product_tag?post=108827"}],"curies":[{"name":"wp","href":"https:\/\/api.w.org\/{rel}","templated":true}]}}