{"id":108906,"date":"2026-03-10T11:07:56","date_gmt":"2026-03-10T11:07:56","guid":{"rendered":"https:\/\/sopesca.pt\/?post_type=product&#038;p=108906"},"modified":"2026-03-11T12:01:19","modified_gmt":"2026-03-11T12:01:19","slug":"supera-x-distance","status":"publish","type":"product","link":"https:\/\/sopesca.pt\/en\/product\/supera-x-distance\/","title":{"rendered":"Supera X Distance"},"content":{"rendered":"<h2>Supera X Distance<\/h2>\n<p>Ap\u00f3s o enorme sucesso da linha de canas Supera X, a linha Distance \u00e9 uma adi\u00e7\u00e3o muito aguardada. Concebidas para lan\u00e7ar feeders a grandes dist\u00e2ncias, estas canas apresentam a\u00e7\u00f5es impressionantemente potentes e progressivas. Isto proporciona o equil\u00edbrio perfeito entre a pot\u00eancia para lan\u00e7amentos precisos e a importante flexibilidade necess\u00e1ria para lidar com peixes de todos os tamanhos.<\/p>\n<p>Trabalhamos arduamente para garantir que as ponteiras flex\u00edveis oferecem a sensibilidade ideal, mantendo a resist\u00eancia necess\u00e1ria para lidar com cargas pesadas. Isto permitiu-nos oferecer ponteiras mais leves, com op\u00e7\u00f5es de 1 e 1,5 oz, proporcionando sensibilidade mesmo em dist\u00e2ncias extremas!<\/p>\n<p>Estes modelos Distance contam com a tecnologia X-Wrap e s\u00e3o constru\u00eddos com os melhores componentes dispon\u00edveis, incluindo passadores American Tackle de tamanho grande, porta-bobine Fuji e o cl\u00e1ssico cabo plano em EVA\/corti\u00e7a. Isto proporciona o equil\u00edbrio perfeito entre a pot\u00eancia para lan\u00e7amentos precisos e a importante suavidade para lidar com peixes de todos os tamanhos.<\/p>","protected":false},"excerpt":{"rendered":"<p>Supera X Distance Ap\u00f3s o enorme sucesso da linha de canas Supera X, a linha Distance \u00e9 uma adi\u00e7\u00e3o muito aguardada. Concebidas para lan\u00e7ar feeders a grandes dist\u00e2ncias, estas canas apresentam a\u00e7\u00f5es impressionantemente potentes e progressivas. Isto proporciona o equil\u00edbrio perfeito entre a pot\u00eancia para lan\u00e7amentos precisos e a importante flexibilidade necess\u00e1ria para lidar com [&hellip;]<\/p>\n","protected":false},"featured_media":108914,"comment_status":"open","ping_status":"closed","template":"","meta":{"_acf_changed":false},"product_brand":[153],"product_cat":[2276,2337],"product_tag":[],"class_list":{"0":"post-108906","1":"product","2":"type-product","3":"status-publish","4":"has-post-thumbnail","6":"product_brand-preston","7":"product_cat-canas-acessorios","8":"product_cat-canas-acessorios-feeder","10":"first","11":"instock","12":"shipping-taxable","13":"purchasable","14":"product-type-variable"},"acf":[],"_links":{"self":[{"href":"https:\/\/sopesca.pt\/en\/wp-json\/wp\/v2\/product\/108906","targetHints":{"allow":["GET"]}}],"collection":[{"href":"https:\/\/sopesca.pt\/en\/wp-json\/wp\/v2\/product"}],"about":[{"href":"https:\/\/sopesca.pt\/en\/wp-json\/wp\/v2\/types\/product"}],"replies":[{"embeddable":true,"href":"https:\/\/sopesca.pt\/en\/wp-json\/wp\/v2\/comments?post=108906"}],"wp:featuredmedia":[{"embeddable":true,"href":"https:\/\/sopesca.pt\/en\/wp-json\/wp\/v2\/media\/108914"}],"wp:attachment":[{"href":"https:\/\/sopesca.pt\/en\/wp-json\/wp\/v2\/media?parent=108906"}],"wp:term":[{"taxonomy":"product_brand","embeddable":true,"href":"https:\/\/sopesca.pt\/en\/wp-json\/wp\/v2\/product_brand?post=108906"},{"taxonomy":"product_cat","embeddable":true,"href":"https:\/\/sopesca.pt\/en\/wp-json\/wp\/v2\/product_cat?post=108906"},{"taxonomy":"product_tag","embeddable":true,"href":"https:\/\/sopesca.pt\/en\/wp-json\/wp\/v2\/product_tag?post=108906"}],"curies":[{"name":"wp","href":"https:\/\/api.w.org\/{rel}","templated":true}]}}