{"id":109091,"date":"2026-03-14T15:09:09","date_gmt":"2026-03-14T15:09:09","guid":{"rendered":"https:\/\/sopesca.pt\/?post_type=product&#038;p=109091"},"modified":"2026-04-09T06:01:54","modified_gmt":"2026-04-09T06:01:54","slug":"m-grub-black-lemon","status":"publish","type":"product","link":"https:\/\/sopesca.pt\/en\/product\/m-grub-black-lemon\/","title":{"rendered":"M-GRUB &#8211; Black Lemon"},"content":{"rendered":"<p class=\"p1\">M-GRUB &#8211; Black Lemon<\/p>\n<p>Spinner com uma l\u00e2mina larga e um corpo pesado e pintado, que permite trabalhar em \u00e2ngulo nas zonas menos acess\u00edveis e nos montes submersos do leito do rio. Uma borla adicional aumenta a atratividade e melhora a efic\u00e1cia no ataque.<\/p>\n<p>&nbsp;<\/p>\n<p>Tamanho 3 &#8211; 9g<\/p>","protected":false},"excerpt":{"rendered":"<p>M-GRUB &#8211; Black Lemon Spinner com uma l\u00e2mina larga e um corpo pesado e pintado, que permite trabalhar em \u00e2ngulo nas zonas menos acess\u00edveis e nos montes submersos do leito do rio. Uma borla adicional aumenta a atratividade e melhora a efic\u00e1cia no ataque. &nbsp; Tamanho 3 &#8211; 9g<\/p>","protected":false},"featured_media":109084,"comment_status":"open","ping_status":"closed","template":"","meta":{"_acf_changed":false},"product_brand":[1235],"product_cat":[2308,2314],"product_tag":[],"class_list":{"0":"post-109091","1":"product","2":"type-product","3":"status-publish","4":"has-post-thumbnail","6":"product_brand-mikado","7":"product_cat-predadores","8":"product_cat-predadores-spinner-colher","10":"first","11":"instock","12":"shipping-taxable","13":"purchasable","14":"product-type-variable"},"acf":[],"_links":{"self":[{"href":"https:\/\/sopesca.pt\/en\/wp-json\/wp\/v2\/product\/109091","targetHints":{"allow":["GET"]}}],"collection":[{"href":"https:\/\/sopesca.pt\/en\/wp-json\/wp\/v2\/product"}],"about":[{"href":"https:\/\/sopesca.pt\/en\/wp-json\/wp\/v2\/types\/product"}],"replies":[{"embeddable":true,"href":"https:\/\/sopesca.pt\/en\/wp-json\/wp\/v2\/comments?post=109091"}],"wp:featuredmedia":[{"embeddable":true,"href":"https:\/\/sopesca.pt\/en\/wp-json\/wp\/v2\/media\/109084"}],"wp:attachment":[{"href":"https:\/\/sopesca.pt\/en\/wp-json\/wp\/v2\/media?parent=109091"}],"wp:term":[{"taxonomy":"product_brand","embeddable":true,"href":"https:\/\/sopesca.pt\/en\/wp-json\/wp\/v2\/product_brand?post=109091"},{"taxonomy":"product_cat","embeddable":true,"href":"https:\/\/sopesca.pt\/en\/wp-json\/wp\/v2\/product_cat?post=109091"},{"taxonomy":"product_tag","embeddable":true,"href":"https:\/\/sopesca.pt\/en\/wp-json\/wp\/v2\/product_tag?post=109091"}],"curies":[{"name":"wp","href":"https:\/\/api.w.org\/{rel}","templated":true}]}}