{"id":109415,"date":"2026-04-07T09:21:36","date_gmt":"2026-04-07T09:21:36","guid":{"rendered":"https:\/\/sopesca.pt\/?post_type=product&#038;p=109415"},"modified":"2026-04-07T09:23:31","modified_gmt":"2026-04-07T09:23:31","slug":"sensas-monte-hamecon-luxe","status":"publish","type":"product","link":"https:\/\/sopesca.pt\/en\/product\/sensas-monte-hamecon-luxe\/","title":{"rendered":"Sensas Monte Hame\u00e7on Luxe"},"content":{"rendered":"<p>Sensas Monte Hame\u00e7on Luxe<\/p>\n<p>Atador de anz\u00f3is manual. Simples e eficaz, uma ferramenta indispens\u00e1vel na oficina de qualquer pescador.<\/p>","protected":false},"excerpt":{"rendered":"<p>Sensas Monte Hame\u00e7on Luxe Atador de anz\u00f3is manual. Simples e eficaz, uma ferramenta indispens\u00e1vel na oficina de qualquer pescador.<\/p>","protected":false},"featured_media":109418,"comment_status":"open","ping_status":"closed","template":"","meta":{"_acf_changed":false},"product_brand":[110],"product_cat":[2366,2355],"product_tag":[],"class_list":{"0":"post-109415","1":"product","2":"type-product","3":"status-publish","4":"has-post-thumbnail","6":"product_brand-sensas","7":"product_cat-acessorios","8":"product_cat-acessorios-encaixe-terminal","10":"first","11":"instock","12":"shipping-taxable","13":"purchasable","14":"product-type-variable"},"acf":[],"_links":{"self":[{"href":"https:\/\/sopesca.pt\/en\/wp-json\/wp\/v2\/product\/109415","targetHints":{"allow":["GET"]}}],"collection":[{"href":"https:\/\/sopesca.pt\/en\/wp-json\/wp\/v2\/product"}],"about":[{"href":"https:\/\/sopesca.pt\/en\/wp-json\/wp\/v2\/types\/product"}],"replies":[{"embeddable":true,"href":"https:\/\/sopesca.pt\/en\/wp-json\/wp\/v2\/comments?post=109415"}],"wp:featuredmedia":[{"embeddable":true,"href":"https:\/\/sopesca.pt\/en\/wp-json\/wp\/v2\/media\/109418"}],"wp:attachment":[{"href":"https:\/\/sopesca.pt\/en\/wp-json\/wp\/v2\/media?parent=109415"}],"wp:term":[{"taxonomy":"product_brand","embeddable":true,"href":"https:\/\/sopesca.pt\/en\/wp-json\/wp\/v2\/product_brand?post=109415"},{"taxonomy":"product_cat","embeddable":true,"href":"https:\/\/sopesca.pt\/en\/wp-json\/wp\/v2\/product_cat?post=109415"},{"taxonomy":"product_tag","embeddable":true,"href":"https:\/\/sopesca.pt\/en\/wp-json\/wp\/v2\/product_tag?post=109415"}],"curies":[{"name":"wp","href":"https:\/\/api.w.org\/{rel}","templated":true}]}}