{"id":109420,"date":"2026-04-07T09:32:20","date_gmt":"2026-04-07T09:32:20","guid":{"rendered":"https:\/\/sopesca.pt\/?post_type=product&#038;p=109420"},"modified":"2026-04-07T09:37:03","modified_gmt":"2026-04-07T09:37:03","slug":"mikado-method-feeder-double-dose","status":"publish","type":"product","link":"https:\/\/sopesca.pt\/en\/product\/mikado-method-feeder-double-dose\/","title":{"rendered":"Mikado Method Feeder Double Dose"},"content":{"rendered":"<h3>Mikado Method Feeder Double Dose<\/h3>\n<p>Atraente l\u00edquido denso para Method Feeder, criando uma f\u00f3rmula de aroma e cor intensa que real\u00e7a o apelo da isca de anzol em condi\u00e7\u00f5es exigentes. A s\u00e9rie inclui v\u00e1rios perfis de sabor fortes que potencializam o rastro olfativo do feeder, aumentam a visibilidade da mistura e estimulam ativamente os peixes a se alimentarem.<\/p>\n<p>Especifica\u00e7\u00f5es:<br \/>\n&#8211; Capacidade (ml): 100<br \/>\n&#8211; Textura: Denso<br \/>\n&#8211; Prop\u00f3sito: Method Feeder \/ Classic Feeder \/ Carpa \/ Compat\u00edvel com PVA<\/p>\n<p>&nbsp;<\/p>","protected":false},"excerpt":{"rendered":"<p>Mikado Method Feeder Double Dose Atraente l\u00edquido denso para Method Feeder, criando uma f\u00f3rmula de aroma e cor intensa que real\u00e7a o apelo da isca de anzol em condi\u00e7\u00f5es exigentes. A s\u00e9rie inclui v\u00e1rios perfis de sabor fortes que potencializam o rastro olfativo do feeder, aumentam a visibilidade da mistura e estimulam ativamente os peixes [&hellip;]<\/p>\n","protected":false},"featured_media":109429,"comment_status":"open","ping_status":"closed","template":"","meta":{"_acf_changed":false},"product_brand":[1235],"product_cat":[5494,5491],"product_tag":[],"class_list":{"0":"post-109420","1":"product","2":"type-product","3":"status-publish","4":"has-post-thumbnail","6":"product_brand-mikado","7":"product_cat-engodo-terra-aditivos-engodo","8":"product_cat-engodo-terra-aditivo","10":"first","11":"instock","12":"shipping-taxable","13":"purchasable","14":"product-type-variable"},"acf":[],"_links":{"self":[{"href":"https:\/\/sopesca.pt\/en\/wp-json\/wp\/v2\/product\/109420","targetHints":{"allow":["GET"]}}],"collection":[{"href":"https:\/\/sopesca.pt\/en\/wp-json\/wp\/v2\/product"}],"about":[{"href":"https:\/\/sopesca.pt\/en\/wp-json\/wp\/v2\/types\/product"}],"replies":[{"embeddable":true,"href":"https:\/\/sopesca.pt\/en\/wp-json\/wp\/v2\/comments?post=109420"}],"wp:featuredmedia":[{"embeddable":true,"href":"https:\/\/sopesca.pt\/en\/wp-json\/wp\/v2\/media\/109429"}],"wp:attachment":[{"href":"https:\/\/sopesca.pt\/en\/wp-json\/wp\/v2\/media?parent=109420"}],"wp:term":[{"taxonomy":"product_brand","embeddable":true,"href":"https:\/\/sopesca.pt\/en\/wp-json\/wp\/v2\/product_brand?post=109420"},{"taxonomy":"product_cat","embeddable":true,"href":"https:\/\/sopesca.pt\/en\/wp-json\/wp\/v2\/product_cat?post=109420"},{"taxonomy":"product_tag","embeddable":true,"href":"https:\/\/sopesca.pt\/en\/wp-json\/wp\/v2\/product_tag?post=109420"}],"curies":[{"name":"wp","href":"https:\/\/api.w.org\/{rel}","templated":true}]}}