{"id":109486,"date":"2026-04-14T16:56:55","date_gmt":"2026-04-14T16:56:55","guid":{"rendered":"https:\/\/sopesca.pt\/?post_type=product&#038;p=109486"},"modified":"2026-04-14T17:04:37","modified_gmt":"2026-04-14T17:04:37","slug":"fbl-espetite-jerk-5-5","status":"publish","type":"product","link":"https:\/\/sopesca.pt\/en\/product\/fbl-espetite-jerk-5-5\/","title":{"rendered":"FBL Espetite Jerk 5.5"},"content":{"rendered":"<h2>FBL Espetite Jerk 5.5<\/h2>\n<p>&nbsp;<\/p>\n<p data-start=\"0\" data-end=\"268\">urenzo Espetit Jerk SK da Fishus \u00e9 um jerk minnow com a\u00e7\u00e3o sinking, desenvolvido em colabora\u00e7\u00e3o com Isaac Lorenzo, conhecido como \u201cLurenzo\u201d, que estudou cuidadosamente cada detalhe para obter um nado natural e din\u00e2mico, perfeito tanto em \u00e1guas correntes como paradas.<\/p>\n<p data-start=\"270\" data-end=\"568\">A barbela, muito inclinada, permite um movimento extremamente din\u00e2mico mesmo em recolhimentos lentos e responde aos toques de jerk com desvios laterais e oscila\u00e7\u00f5es muito vistosas. Apesar deste excelente dinamismo, nunca perde a estabilidade de nado, mesmo com velocidades de recolhimento elevadas.<\/p>\n<p data-start=\"570\" data-end=\"701\">As colora\u00e7\u00f5es s\u00e3o de uma beleza verdadeiramente impressionante e s\u00e3o realizadas com pinturas extremamente resistentes e duradouras.<\/p>\n<p data-start=\"703\" data-end=\"804\" data-is-last-node=\"\" data-is-only-node=\"\">Vem equipado com anz\u00f3is triplos Cutting Point de elevad\u00edssima qualidade.<br \/>\nDisp\u00f5e de um rattling agudo.<\/p>","protected":false},"excerpt":{"rendered":"<p>FBL Espetite Jerk 5.5 &nbsp; urenzo Espetit Jerk SK da Fishus \u00e9 um jerk minnow com a\u00e7\u00e3o sinking, desenvolvido em colabora\u00e7\u00e3o com Isaac Lorenzo, conhecido como \u201cLurenzo\u201d, que estudou cuidadosamente cada detalhe para obter um nado natural e din\u00e2mico, perfeito tanto em \u00e1guas correntes como paradas. A barbela, muito inclinada, permite um movimento extremamente din\u00e2mico [&hellip;]<\/p>\n","protected":false},"featured_media":109510,"comment_status":"open","ping_status":"closed","template":"","meta":{"_acf_changed":false},"product_brand":[9021],"product_cat":[2308,2313],"product_tag":[],"class_list":{"0":"post-109486","1":"product","2":"type-product","3":"status-publish","4":"has-post-thumbnail","6":"product_brand-fishus","7":"product_cat-predadores","8":"product_cat-predadores-rigidas","10":"first","11":"instock","12":"shipping-taxable","13":"purchasable","14":"product-type-variable"},"acf":[],"_links":{"self":[{"href":"https:\/\/sopesca.pt\/en\/wp-json\/wp\/v2\/product\/109486","targetHints":{"allow":["GET"]}}],"collection":[{"href":"https:\/\/sopesca.pt\/en\/wp-json\/wp\/v2\/product"}],"about":[{"href":"https:\/\/sopesca.pt\/en\/wp-json\/wp\/v2\/types\/product"}],"replies":[{"embeddable":true,"href":"https:\/\/sopesca.pt\/en\/wp-json\/wp\/v2\/comments?post=109486"}],"wp:featuredmedia":[{"embeddable":true,"href":"https:\/\/sopesca.pt\/en\/wp-json\/wp\/v2\/media\/109510"}],"wp:attachment":[{"href":"https:\/\/sopesca.pt\/en\/wp-json\/wp\/v2\/media?parent=109486"}],"wp:term":[{"taxonomy":"product_brand","embeddable":true,"href":"https:\/\/sopesca.pt\/en\/wp-json\/wp\/v2\/product_brand?post=109486"},{"taxonomy":"product_cat","embeddable":true,"href":"https:\/\/sopesca.pt\/en\/wp-json\/wp\/v2\/product_cat?post=109486"},{"taxonomy":"product_tag","embeddable":true,"href":"https:\/\/sopesca.pt\/en\/wp-json\/wp\/v2\/product_tag?post=109486"}],"curies":[{"name":"wp","href":"https:\/\/api.w.org\/{rel}","templated":true}]}}