{"id":109560,"date":"2026-04-16T22:23:20","date_gmt":"2026-04-16T22:23:20","guid":{"rendered":"https:\/\/sopesca.pt\/?post_type=product&#038;p=109560"},"modified":"2026-04-16T22:33:21","modified_gmt":"2026-04-16T22:33:21","slug":"fishus-espetite-soft-jerk-7cm","status":"publish","type":"product","link":"https:\/\/sopesca.pt\/en\/product\/fishus-espetite-soft-jerk-7cm\/","title":{"rendered":"Fishus &#8211; Espetite Soft Jerk 7cm &#8220;pack 10&#8221;"},"content":{"rendered":"<h2>Fishus &#8211; Espetite Soft Jerk 7cm &#8220;pack 10&#8221;<\/h2>\n<p data-start=\"0\" data-end=\"117\">erkbait de pl\u00e1stico macio, fabricado com material de alta qualidade, combinando sal, amino\u00e1cidos e aroma de camar\u00e3o.<\/p>\n<p data-start=\"119\" data-end=\"355\">A distribui\u00e7\u00e3o da densidade do sal mant\u00e9m o isco perfeitamente equilibrado e, juntamente com o design da cauda em V e o ap\u00eandice inferior, proporciona uma queda impec\u00e1vel, com um movimento subtil da cauda e uma ondula\u00e7\u00e3o suave do corpo.<\/p>\n<p data-start=\"357\" data-end=\"545\">Assim que d\u00e1s um toque ao isco, ele muda de dire\u00e7\u00e3o enquanto produz uma vibra\u00e7\u00e3o de cauda altamente atrativa. Numa recolha moderadamente r\u00e1pida, trabalha com um movimento nervoso e eficaz.<\/p>\n<p data-start=\"547\" data-end=\"626\">Se o montares ao contr\u00e1rio, consegues dar-lhe um trabalho ainda mais agressivo.<\/p>\n<p data-start=\"628\" data-end=\"872\" data-is-last-node=\"\" data-is-only-node=\"\">Perfeito para anz\u00f3is wide-gap no estilo Texas em \u00e1gua doce, mas tamb\u00e9m incrivelmente eficaz em \u00e1gua salgada. Montado numa cabe\u00e7a plomada tipo darting jighead, \u00e9 ideal para aqueles momentos em que um paddle-tail n\u00e3o consegue provocar a ferragem.<\/p>","protected":false},"excerpt":{"rendered":"<p>Fishus &#8211; Espetite Soft Jerk 7cm &#8220;pack 10&#8221; erkbait de pl\u00e1stico macio, fabricado com material de alta qualidade, combinando sal, amino\u00e1cidos e aroma de camar\u00e3o. A distribui\u00e7\u00e3o da densidade do sal mant\u00e9m o isco perfeitamente equilibrado e, juntamente com o design da cauda em V e o ap\u00eandice inferior, proporciona uma queda impec\u00e1vel, com um [&hellip;]<\/p>\n","protected":false},"featured_media":109565,"comment_status":"open","ping_status":"closed","template":"","meta":{"_acf_changed":false},"product_brand":[9021],"product_cat":[2308,2310],"product_tag":[],"class_list":{"0":"post-109560","1":"product","2":"type-product","3":"status-publish","4":"has-post-thumbnail","6":"product_brand-fishus","7":"product_cat-predadores","8":"product_cat-predadores-vinis","10":"first","11":"instock","12":"shipping-taxable","13":"purchasable","14":"product-type-variable"},"acf":[],"_links":{"self":[{"href":"https:\/\/sopesca.pt\/en\/wp-json\/wp\/v2\/product\/109560","targetHints":{"allow":["GET"]}}],"collection":[{"href":"https:\/\/sopesca.pt\/en\/wp-json\/wp\/v2\/product"}],"about":[{"href":"https:\/\/sopesca.pt\/en\/wp-json\/wp\/v2\/types\/product"}],"replies":[{"embeddable":true,"href":"https:\/\/sopesca.pt\/en\/wp-json\/wp\/v2\/comments?post=109560"}],"wp:featuredmedia":[{"embeddable":true,"href":"https:\/\/sopesca.pt\/en\/wp-json\/wp\/v2\/media\/109565"}],"wp:attachment":[{"href":"https:\/\/sopesca.pt\/en\/wp-json\/wp\/v2\/media?parent=109560"}],"wp:term":[{"taxonomy":"product_brand","embeddable":true,"href":"https:\/\/sopesca.pt\/en\/wp-json\/wp\/v2\/product_brand?post=109560"},{"taxonomy":"product_cat","embeddable":true,"href":"https:\/\/sopesca.pt\/en\/wp-json\/wp\/v2\/product_cat?post=109560"},{"taxonomy":"product_tag","embeddable":true,"href":"https:\/\/sopesca.pt\/en\/wp-json\/wp\/v2\/product_tag?post=109560"}],"curies":[{"name":"wp","href":"https:\/\/api.w.org\/{rel}","templated":true}]}}