{"id":109825,"date":"2026-05-11T14:46:07","date_gmt":"2026-05-11T14:46:07","guid":{"rendered":"https:\/\/sopesca.pt\/?post_type=product&#038;p=109825"},"modified":"2026-05-11T14:49:06","modified_gmt":"2026-05-11T14:49:06","slug":"daiwa-cc-80-hsl","status":"publish","type":"product","link":"https:\/\/sopesca.pt\/en\/product\/daiwa-cc-80-hsl\/","title":{"rendered":"Daiwa &#8211;  CC 80 &#8211; HSL"},"content":{"rendered":"<h2>CC 80 &#8211; HSL<\/h2>\n<p class=\"Y3BBE\" data-sfc-root=\"c\" data-hveid=\"CAEIBBAA\" data-complete=\"true\" data-processed=\"true\">O carreto baitcasting CC 80 \u00e9 uma ferramenta poderosa e eficiente para lan\u00e7ar. Apresenta uma estrutura compacta e confort\u00e1vel e manivelas ergon\u00f3micas. O seu design e desempenho fazem dele um excelente carreto para te iniciares no lan\u00e7amento baitcasting isco enquanto te divertes a lan\u00e7ar.<\/p>\n<p>Trav\u00e3o de fundi\u00e7\u00e3o magn\u00e9tico MagForce<br \/>\nRolamentos: 4 + 1<br \/>\nEstrutura em comp\u00f3sito carbono<br \/>\nBobine em alum\u00ednio perfurado<br \/>\nManivela de 90 mm<\/p>\n<h2 class=\"otQkpb\" role=\"heading\" aria-level=\"3\" data-sfc-root=\"c\" data-complete=\"true\" data-processed=\"true\"><strong class=\"Yjhzub\" data-sfc-root=\"c\" data-sfc-cb=\"\" data-complete=\"true\">Especifica\u00e7\u00f5es T\u00e9cnicas:<\/strong><\/h2>\n<p>Capacidade em m\/mm<br \/>\n100\/0,28 ,<br \/>\nRecupera\u00e7\u00e3o em cm<br \/>\n75 ,<br \/>\nRela\u00e7\u00e3o<br \/>\n7,5 ,<br \/>\nPeso em gr<br \/>\n195 ,<br \/>\nPot\u00eancia de travagem em kg<br \/>\n7 ,<br \/>\nN\u00famero de rolamentos<br \/>\n5 ,<\/p>","protected":false},"excerpt":{"rendered":"<p>CC 80 &#8211; HSL O carreto baitcasting CC 80 \u00e9 uma ferramenta poderosa e eficiente para lan\u00e7ar. Apresenta uma estrutura compacta e confort\u00e1vel e manivelas ergon\u00f3micas. O seu design e desempenho fazem dele um excelente carreto para te iniciares no lan\u00e7amento baitcasting isco enquanto te divertes a lan\u00e7ar. Trav\u00e3o de fundi\u00e7\u00e3o magn\u00e9tico MagForce Rolamentos: 4 [&hellip;]<\/p>\n","protected":false},"featured_media":109827,"comment_status":"open","ping_status":"closed","template":"","meta":{"_acf_changed":false},"product_brand":[581],"product_cat":[5488,2262],"product_tag":[],"class_list":{"0":"post-109825","1":"product","2":"type-product","3":"status-publish","4":"has-post-thumbnail","6":"product_brand-daiwa","7":"product_cat-carretos","8":"product_cat-carretos-casting","10":"first","11":"instock","12":"shipping-taxable","13":"purchasable","14":"product-type-variable"},"acf":[],"_links":{"self":[{"href":"https:\/\/sopesca.pt\/en\/wp-json\/wp\/v2\/product\/109825","targetHints":{"allow":["GET"]}}],"collection":[{"href":"https:\/\/sopesca.pt\/en\/wp-json\/wp\/v2\/product"}],"about":[{"href":"https:\/\/sopesca.pt\/en\/wp-json\/wp\/v2\/types\/product"}],"replies":[{"embeddable":true,"href":"https:\/\/sopesca.pt\/en\/wp-json\/wp\/v2\/comments?post=109825"}],"wp:featuredmedia":[{"embeddable":true,"href":"https:\/\/sopesca.pt\/en\/wp-json\/wp\/v2\/media\/109827"}],"wp:attachment":[{"href":"https:\/\/sopesca.pt\/en\/wp-json\/wp\/v2\/media?parent=109825"}],"wp:term":[{"taxonomy":"product_brand","embeddable":true,"href":"https:\/\/sopesca.pt\/en\/wp-json\/wp\/v2\/product_brand?post=109825"},{"taxonomy":"product_cat","embeddable":true,"href":"https:\/\/sopesca.pt\/en\/wp-json\/wp\/v2\/product_cat?post=109825"},{"taxonomy":"product_tag","embeddable":true,"href":"https:\/\/sopesca.pt\/en\/wp-json\/wp\/v2\/product_tag?post=109825"}],"curies":[{"name":"wp","href":"https:\/\/api.w.org\/{rel}","templated":true}]}}