{"id":109829,"date":"2026-05-11T14:49:15","date_gmt":"2026-05-11T14:49:15","guid":{"rendered":"https:\/\/sopesca.pt\/?post_type=product&#038;p=109829"},"modified":"2026-05-11T14:51:03","modified_gmt":"2026-05-11T14:51:03","slug":"daiwa-pr-100-l","status":"publish","type":"product","link":"https:\/\/sopesca.pt\/en\/product\/daiwa-pr-100-l\/","title":{"rendered":"Daiwa PR 100 L"},"content":{"rendered":"<h1 class=\"page-title\"><span class=\"base\" data-ui-id=\"page-title-wrapper\">PR 100 L<\/span><\/h1>\n<p>O PR100 \u00e9 um carreto baitcasting que \u00e9 f\u00e1cil de manusear gra\u00e7as ao seu corpo compacto e leve. Disp\u00f5e de um trav\u00e3o magn\u00e9tico Magforce para lan\u00e7amentos controlados e precisos.<\/p>\n<ul class=\"product-specifications\">\n<li>Trav\u00e3o de fundi\u00e7\u00e3o magn\u00e9tico MagForce<\/li>\n<li>Rolamentos: 3 + 1<\/li>\n<li>Estrutura em comp\u00f3sito<\/li>\n<li>Bobine de alum\u00ednio<\/li>\n<li>Pega de manivela dupla em alum\u00ednio de 90 mm com perfura\u00e7\u00f5es<\/li>\n<\/ul>\n<p>&nbsp;<\/p>","protected":false},"excerpt":{"rendered":"<p>PR 100 L O PR100 \u00e9 um carreto baitcasting que \u00e9 f\u00e1cil de manusear gra\u00e7as ao seu corpo compacto e leve. Disp\u00f5e de um trav\u00e3o magn\u00e9tico Magforce para lan\u00e7amentos controlados e precisos. Trav\u00e3o de fundi\u00e7\u00e3o magn\u00e9tico MagForce Rolamentos: 3 + 1 Estrutura em comp\u00f3sito Bobine de alum\u00ednio Pega de manivela dupla em alum\u00ednio de 90 [&hellip;]<\/p>\n","protected":false},"featured_media":109831,"comment_status":"open","ping_status":"closed","template":"","meta":{"_acf_changed":false},"product_brand":[581],"product_cat":[5488,2262],"product_tag":[],"class_list":{"0":"post-109829","1":"product","2":"type-product","3":"status-publish","4":"has-post-thumbnail","6":"product_brand-daiwa","7":"product_cat-carretos","8":"product_cat-carretos-casting","10":"first","11":"instock","12":"shipping-taxable","13":"purchasable","14":"product-type-variable"},"acf":[],"_links":{"self":[{"href":"https:\/\/sopesca.pt\/en\/wp-json\/wp\/v2\/product\/109829","targetHints":{"allow":["GET"]}}],"collection":[{"href":"https:\/\/sopesca.pt\/en\/wp-json\/wp\/v2\/product"}],"about":[{"href":"https:\/\/sopesca.pt\/en\/wp-json\/wp\/v2\/types\/product"}],"replies":[{"embeddable":true,"href":"https:\/\/sopesca.pt\/en\/wp-json\/wp\/v2\/comments?post=109829"}],"wp:featuredmedia":[{"embeddable":true,"href":"https:\/\/sopesca.pt\/en\/wp-json\/wp\/v2\/media\/109831"}],"wp:attachment":[{"href":"https:\/\/sopesca.pt\/en\/wp-json\/wp\/v2\/media?parent=109829"}],"wp:term":[{"taxonomy":"product_brand","embeddable":true,"href":"https:\/\/sopesca.pt\/en\/wp-json\/wp\/v2\/product_brand?post=109829"},{"taxonomy":"product_cat","embeddable":true,"href":"https:\/\/sopesca.pt\/en\/wp-json\/wp\/v2\/product_cat?post=109829"},{"taxonomy":"product_tag","embeddable":true,"href":"https:\/\/sopesca.pt\/en\/wp-json\/wp\/v2\/product_tag?post=109829"}],"curies":[{"name":"wp","href":"https:\/\/api.w.org\/{rel}","templated":true}]}}