{"id":100114,"date":"2026-02-21T23:35:37","date_gmt":"2026-02-21T23:35:37","guid":{"rendered":"http:\/\/matchbaits.pt\/?post_type=product&#038;p=100114"},"modified":"2026-02-24T10:04:54","modified_gmt":"2026-02-24T10:04:54","slug":"suehiro-p132","status":"publish","type":"product","link":"https:\/\/sopesca.pt\/es\/producto\/suehiro-p132\/","title":{"rendered":"Su\u00e9hiro P132"},"content":{"rendered":"<h2>Milo Su\u00e9hiro P132<\/h2>\n<p>&nbsp;<\/p>\n<p>Um anzol reto, polido com uma ponta larga e longa, afiamento qu\u00edmico com micro barbela.<\/p>\n<p>Muito forte e penetrante, este anzol \u00e9 adequado para todos os tipos de pesca e para a pesca com iscos pequenos e m\u00e9dios.<\/p>","protected":false},"excerpt":{"rendered":"<p>Milo Su\u00e9hiro P132 &nbsp; Um anzol reto, polido com uma ponta larga e longa, afiamento qu\u00edmico com micro barbela. Muito forte e penetrante, este anzol \u00e9 adequado para todos os tipos de pesca e para a pesca com iscos pequenos e m\u00e9dios.<\/p>","protected":false},"featured_media":49722,"comment_status":"open","ping_status":"closed","template":"","meta":{"_acf_changed":false},"product_brand":[111],"product_cat":[2289,2290],"product_tag":[],"class_list":{"0":"post-100114","1":"product","2":"type-product","3":"status-publish","4":"has-post-thumbnail","6":"product_brand-milo","7":"product_cat-fios-anzois-anzois-p-rio","8":"product_cat-fios-anzois","10":"first","11":"instock","12":"shipping-taxable","13":"product-type-variable"},"acf":[],"_links":{"self":[{"href":"https:\/\/sopesca.pt\/es\/wp-json\/wp\/v2\/product\/100114","targetHints":{"allow":["GET"]}}],"collection":[{"href":"https:\/\/sopesca.pt\/es\/wp-json\/wp\/v2\/product"}],"about":[{"href":"https:\/\/sopesca.pt\/es\/wp-json\/wp\/v2\/types\/product"}],"replies":[{"embeddable":true,"href":"https:\/\/sopesca.pt\/es\/wp-json\/wp\/v2\/comments?post=100114"}],"wp:featuredmedia":[{"embeddable":true,"href":"https:\/\/sopesca.pt\/es\/wp-json\/wp\/v2\/media\/49722"}],"wp:attachment":[{"href":"https:\/\/sopesca.pt\/es\/wp-json\/wp\/v2\/media?parent=100114"}],"wp:term":[{"taxonomy":"product_brand","embeddable":true,"href":"https:\/\/sopesca.pt\/es\/wp-json\/wp\/v2\/product_brand?post=100114"},{"taxonomy":"product_cat","embeddable":true,"href":"https:\/\/sopesca.pt\/es\/wp-json\/wp\/v2\/product_cat?post=100114"},{"taxonomy":"product_tag","embeddable":true,"href":"https:\/\/sopesca.pt\/es\/wp-json\/wp\/v2\/product_tag?post=100114"}],"curies":[{"name":"wp","href":"https:\/\/api.w.org\/{rel}","templated":true}]}}