{"id":100116,"date":"2026-02-21T23:35:37","date_gmt":"2026-02-21T23:35:37","guid":{"rendered":"http:\/\/matchbaits.pt\/?post_type=product&#038;p=100116"},"modified":"2026-02-24T10:08:50","modified_gmt":"2026-02-24T10:08:50","slug":"3430","status":"publish","type":"product","link":"https:\/\/sopesca.pt\/es\/producto\/3430\/","title":{"rendered":"3430"},"content":{"rendered":"<p>Sensas 3430<\/p>\n<p>Abertura larga, fio grosso. Anzol para peixes grandes, seja \u00e0 francesa, inglesa ou at\u00e9 mesmo ao feeder. Embalagem de 15 unidades.<\/p>\n<p>FEELING HOOKS Esta gama de anz\u00f3is foi projetada e recomendada pelos pescadores da equipa Sensas Match. Feito de arame de a\u00e7o especial de alto carbono excepcionalmente forte em pontos quimicamente afiados. Os tamanhos e os estilos nesta escala cobrem todas as situa\u00e7\u00f5es de pesca dos anz\u00f3is super finos para ver de vase aos anz\u00f3is para asticor ou caster. Todos os anz\u00f3is s\u00e3o incrivelmente fortes para seu tamanho!<\/p>","protected":false},"excerpt":{"rendered":"<p>Sensas 3430 Abertura larga, fio grosso. Anzol para peixes grandes, seja \u00e0 francesa, inglesa ou at\u00e9 mesmo ao feeder. Embalagem de 15 unidades. FEELING HOOKS Esta gama de anz\u00f3is foi projetada e recomendada pelos pescadores da equipa Sensas Match. Feito de arame de a\u00e7o especial de alto carbono excepcionalmente forte em pontos quimicamente afiados. Os [&hellip;]<\/p>\n","protected":false},"featured_media":25270,"comment_status":"open","ping_status":"closed","template":"","meta":{"_acf_changed":false},"product_brand":[110],"product_cat":[2289,2290],"product_tag":[],"class_list":{"0":"post-100116","1":"product","2":"type-product","3":"status-publish","4":"has-post-thumbnail","6":"product_brand-sensas","7":"product_cat-fios-anzois-anzois-p-rio","8":"product_cat-fios-anzois","10":"first","11":"instock","12":"shipping-taxable","13":"product-type-variable"},"acf":[],"_links":{"self":[{"href":"https:\/\/sopesca.pt\/es\/wp-json\/wp\/v2\/product\/100116","targetHints":{"allow":["GET"]}}],"collection":[{"href":"https:\/\/sopesca.pt\/es\/wp-json\/wp\/v2\/product"}],"about":[{"href":"https:\/\/sopesca.pt\/es\/wp-json\/wp\/v2\/types\/product"}],"replies":[{"embeddable":true,"href":"https:\/\/sopesca.pt\/es\/wp-json\/wp\/v2\/comments?post=100116"}],"wp:featuredmedia":[{"embeddable":true,"href":"https:\/\/sopesca.pt\/es\/wp-json\/wp\/v2\/media\/25270"}],"wp:attachment":[{"href":"https:\/\/sopesca.pt\/es\/wp-json\/wp\/v2\/media?parent=100116"}],"wp:term":[{"taxonomy":"product_brand","embeddable":true,"href":"https:\/\/sopesca.pt\/es\/wp-json\/wp\/v2\/product_brand?post=100116"},{"taxonomy":"product_cat","embeddable":true,"href":"https:\/\/sopesca.pt\/es\/wp-json\/wp\/v2\/product_cat?post=100116"},{"taxonomy":"product_tag","embeddable":true,"href":"https:\/\/sopesca.pt\/es\/wp-json\/wp\/v2\/product_tag?post=100116"}],"curies":[{"name":"wp","href":"https:\/\/api.w.org\/{rel}","templated":true}]}}