{"id":100145,"date":"2026-02-21T23:35:42","date_gmt":"2026-02-21T23:35:42","guid":{"rendered":"http:\/\/matchbaits.pt\/?post_type=product&#038;p=100145"},"modified":"2026-02-27T08:54:51","modified_gmt":"2026-02-27T08:54:51","slug":"3532-rouge","status":"publish","type":"product","link":"https:\/\/sopesca.pt\/es\/producto\/3532-rouge\/","title":{"rendered":"3532 Rouge"},"content":{"rendered":"<p>Sensas 3532 Rouge<\/p>\n<p>Anzol SENSAS 3532.<br \/>\nIndicado para pesca fina, \u00e9 recomendado para a pesca quando os peixes est\u00e3o no fundo a comer, uma pesca t\u00e9cnica, peixes dif\u00edceis, grandes ou pequenos, e quando a isca ver de vase este \u00e9 o mais eficaz.<br \/>\nAnzol perfeito de ferro vermelho para a pesca de peixe dif\u00edcil.<br \/>\nSaco de 15 anz\u00f3is.<\/p>","protected":false},"excerpt":{"rendered":"<p>Sensas 3532 Rouge Anzol SENSAS 3532. Indicado para pesca fina, \u00e9 recomendado para a pesca quando os peixes est\u00e3o no fundo a comer, uma pesca t\u00e9cnica, peixes dif\u00edceis, grandes ou pequenos, e quando a isca ver de vase este \u00e9 o mais eficaz. Anzol perfeito de ferro vermelho para a pesca de peixe dif\u00edcil. Saco [&hellip;]<\/p>\n","protected":false},"featured_media":25271,"comment_status":"open","ping_status":"closed","template":"","meta":{"_acf_changed":false},"product_brand":[110],"product_cat":[2289,2290],"product_tag":[],"class_list":{"0":"post-100145","1":"product","2":"type-product","3":"status-publish","4":"has-post-thumbnail","6":"product_brand-sensas","7":"product_cat-fios-anzois-anzois-p-rio","8":"product_cat-fios-anzois","10":"first","11":"instock","12":"shipping-taxable","13":"purchasable","14":"product-type-variable"},"acf":[],"_links":{"self":[{"href":"https:\/\/sopesca.pt\/es\/wp-json\/wp\/v2\/product\/100145","targetHints":{"allow":["GET"]}}],"collection":[{"href":"https:\/\/sopesca.pt\/es\/wp-json\/wp\/v2\/product"}],"about":[{"href":"https:\/\/sopesca.pt\/es\/wp-json\/wp\/v2\/types\/product"}],"replies":[{"embeddable":true,"href":"https:\/\/sopesca.pt\/es\/wp-json\/wp\/v2\/comments?post=100145"}],"wp:featuredmedia":[{"embeddable":true,"href":"https:\/\/sopesca.pt\/es\/wp-json\/wp\/v2\/media\/25271"}],"wp:attachment":[{"href":"https:\/\/sopesca.pt\/es\/wp-json\/wp\/v2\/media?parent=100145"}],"wp:term":[{"taxonomy":"product_brand","embeddable":true,"href":"https:\/\/sopesca.pt\/es\/wp-json\/wp\/v2\/product_brand?post=100145"},{"taxonomy":"product_cat","embeddable":true,"href":"https:\/\/sopesca.pt\/es\/wp-json\/wp\/v2\/product_cat?post=100145"},{"taxonomy":"product_tag","embeddable":true,"href":"https:\/\/sopesca.pt\/es\/wp-json\/wp\/v2\/product_tag?post=100145"}],"curies":[{"name":"wp","href":"https:\/\/api.w.org\/{rel}","templated":true}]}}