{"id":100174,"date":"2026-02-21T23:35:46","date_gmt":"2026-02-21T23:35:46","guid":{"rendered":"http:\/\/matchbaits.pt\/?post_type=product&#038;p=100174"},"modified":"2026-03-02T22:49:22","modified_gmt":"2026-03-02T22:49:22","slug":"serie-801","status":"publish","type":"product","link":"https:\/\/sopesca.pt\/es\/producto\/serie-801\/","title":{"rendered":"Serie 801"},"content":{"rendered":"<h2>Anz\u00f3is Serie 801<\/h2>\n<p>&nbsp;<\/p>\n<p>Este \u00e9 o perfeito anzol para \u00e1guas paradas feito de carbono 110 fios.<\/p>\n<p>O anzol pode parecer fino mas tem a for\u00e7a de anz\u00f3is que s\u00e3o duas vezes o seu di\u00e2metro. Capacidade excelente de explora\u00e7\u00e3o que ir\u00e1 lidar com qualquer peixe grande inesperado.<\/p>","protected":false},"excerpt":{"rendered":"<p>Anz\u00f3is Serie 801 &nbsp; Este \u00e9 o perfeito anzol para \u00e1guas paradas feito de carbono 110 fios. O anzol pode parecer fino mas tem a for\u00e7a de anz\u00f3is que s\u00e3o duas vezes o seu di\u00e2metro. Capacidade excelente de explora\u00e7\u00e3o que ir\u00e1 lidar com qualquer peixe grande inesperado.<\/p>","protected":false},"featured_media":25335,"comment_status":"open","ping_status":"closed","template":"","meta":{"_acf_changed":false},"product_brand":[112],"product_cat":[2289,2290],"product_tag":[],"class_list":{"0":"post-100174","1":"product","2":"type-product","3":"status-publish","4":"has-post-thumbnail","6":"product_brand-tubertini","7":"product_cat-fios-anzois-anzois-p-rio","8":"product_cat-fios-anzois","10":"first","11":"outofstock","12":"shipping-taxable","13":"purchasable","14":"product-type-variable"},"acf":[],"_links":{"self":[{"href":"https:\/\/sopesca.pt\/es\/wp-json\/wp\/v2\/product\/100174","targetHints":{"allow":["GET"]}}],"collection":[{"href":"https:\/\/sopesca.pt\/es\/wp-json\/wp\/v2\/product"}],"about":[{"href":"https:\/\/sopesca.pt\/es\/wp-json\/wp\/v2\/types\/product"}],"replies":[{"embeddable":true,"href":"https:\/\/sopesca.pt\/es\/wp-json\/wp\/v2\/comments?post=100174"}],"wp:featuredmedia":[{"embeddable":true,"href":"https:\/\/sopesca.pt\/es\/wp-json\/wp\/v2\/media\/25335"}],"wp:attachment":[{"href":"https:\/\/sopesca.pt\/es\/wp-json\/wp\/v2\/media?parent=100174"}],"wp:term":[{"taxonomy":"product_brand","embeddable":true,"href":"https:\/\/sopesca.pt\/es\/wp-json\/wp\/v2\/product_brand?post=100174"},{"taxonomy":"product_cat","embeddable":true,"href":"https:\/\/sopesca.pt\/es\/wp-json\/wp\/v2\/product_cat?post=100174"},{"taxonomy":"product_tag","embeddable":true,"href":"https:\/\/sopesca.pt\/es\/wp-json\/wp\/v2\/product_tag?post=100174"}],"curies":[{"name":"wp","href":"https:\/\/api.w.org\/{rel}","templated":true}]}}