{"id":100175,"date":"2026-02-21T23:35:46","date_gmt":"2026-02-21T23:35:46","guid":{"rendered":"http:\/\/matchbaits.pt\/?post_type=product&#038;p=100175"},"modified":"2026-04-06T14:33:29","modified_gmt":"2026-04-06T14:33:29","slug":"serie-808","status":"publish","type":"product","link":"https:\/\/sopesca.pt\/es\/producto\/serie-808\/","title":{"rendered":"Serie 808"},"content":{"rendered":"<h2>Tubertini S\u00e9rie 808<\/h2>\n<p>.<\/p>\n<p>Um dos padr\u00f5es de anz\u00f3is sem barbela mais populares da Europa.<\/p>\n<p>O fio \u00e9 feito do carbono 110 e uma curva varrida larga faz do anzol a escolha n\u00famero um para a capacidade de penetra\u00e7\u00e3o e seguran\u00e7a.<\/p>","protected":false},"excerpt":{"rendered":"<p>Tubertini S\u00e9rie 808 . Um dos padr\u00f5es de anz\u00f3is sem barbela mais populares da Europa. O fio \u00e9 feito do carbono 110 e uma curva varrida larga faz do anzol a escolha n\u00famero um para a capacidade de penetra\u00e7\u00e3o e seguran\u00e7a.<\/p>","protected":false},"featured_media":25280,"comment_status":"open","ping_status":"closed","template":"","meta":{"_acf_changed":false},"product_brand":[112],"product_cat":[2289,2290],"product_tag":[],"class_list":{"0":"post-100175","1":"product","2":"type-product","3":"status-publish","4":"has-post-thumbnail","6":"product_brand-tubertini","7":"product_cat-fios-anzois-anzois-p-rio","8":"product_cat-fios-anzois","10":"first","11":"instock","12":"shipping-taxable","13":"purchasable","14":"product-type-variable"},"acf":[],"_links":{"self":[{"href":"https:\/\/sopesca.pt\/es\/wp-json\/wp\/v2\/product\/100175","targetHints":{"allow":["GET"]}}],"collection":[{"href":"https:\/\/sopesca.pt\/es\/wp-json\/wp\/v2\/product"}],"about":[{"href":"https:\/\/sopesca.pt\/es\/wp-json\/wp\/v2\/types\/product"}],"replies":[{"embeddable":true,"href":"https:\/\/sopesca.pt\/es\/wp-json\/wp\/v2\/comments?post=100175"}],"wp:featuredmedia":[{"embeddable":true,"href":"https:\/\/sopesca.pt\/es\/wp-json\/wp\/v2\/media\/25280"}],"wp:attachment":[{"href":"https:\/\/sopesca.pt\/es\/wp-json\/wp\/v2\/media?parent=100175"}],"wp:term":[{"taxonomy":"product_brand","embeddable":true,"href":"https:\/\/sopesca.pt\/es\/wp-json\/wp\/v2\/product_brand?post=100175"},{"taxonomy":"product_cat","embeddable":true,"href":"https:\/\/sopesca.pt\/es\/wp-json\/wp\/v2\/product_cat?post=100175"},{"taxonomy":"product_tag","embeddable":true,"href":"https:\/\/sopesca.pt\/es\/wp-json\/wp\/v2\/product_tag?post=100175"}],"curies":[{"name":"wp","href":"https:\/\/api.w.org\/{rel}","templated":true}]}}