{"id":100203,"date":"2026-02-21T23:35:50","date_gmt":"2026-02-21T23:35:50","guid":{"rendered":"http:\/\/matchbaits.pt\/?post_type=product&#038;p=100203"},"modified":"2026-04-20T11:42:31","modified_gmt":"2026-04-20T11:42:31","slug":"koi-1132-micro-barb","status":"publish","type":"product","link":"https:\/\/sopesca.pt\/es\/producto\/koi-1132-micro-barb\/","title":{"rendered":"Koi 1132 Micro Barb"},"content":{"rendered":"<p>Milo Koi 1132 Micro Barb<\/p>\n<p>Anzol reto bronze, com abertura larga, ponta quimicamente afiada, longa e micro-farpa. Oferecendo excelente penetra\u00e7\u00e3o, este anzol \u00e9 ideal em uma variedade de situa\u00e7\u00f5es para alvejar peixes grandes, m\u00e9dios e at\u00e9 mesmo pequenos.<\/p>","protected":false},"excerpt":{"rendered":"<p>Milo Koi 1132 Micro Barb Anzol reto bronze, com abertura larga, ponta quimicamente afiada, longa e micro-farpa. Oferecendo excelente penetra\u00e7\u00e3o, este anzol \u00e9 ideal em uma variedade de situa\u00e7\u00f5es para alvejar peixes grandes, m\u00e9dios e at\u00e9 mesmo pequenos.<\/p>","protected":false},"featured_media":49735,"comment_status":"open","ping_status":"closed","template":"","meta":{"_acf_changed":false},"product_brand":[111],"product_cat":[2289,2290],"product_tag":[],"class_list":{"0":"post-100203","1":"product","2":"type-product","3":"status-publish","4":"has-post-thumbnail","6":"product_brand-milo","7":"product_cat-fios-anzois-anzois-p-rio","8":"product_cat-fios-anzois","10":"first","11":"instock","12":"shipping-taxable","13":"purchasable","14":"product-type-variable"},"acf":[],"_links":{"self":[{"href":"https:\/\/sopesca.pt\/es\/wp-json\/wp\/v2\/product\/100203","targetHints":{"allow":["GET"]}}],"collection":[{"href":"https:\/\/sopesca.pt\/es\/wp-json\/wp\/v2\/product"}],"about":[{"href":"https:\/\/sopesca.pt\/es\/wp-json\/wp\/v2\/types\/product"}],"replies":[{"embeddable":true,"href":"https:\/\/sopesca.pt\/es\/wp-json\/wp\/v2\/comments?post=100203"}],"wp:featuredmedia":[{"embeddable":true,"href":"https:\/\/sopesca.pt\/es\/wp-json\/wp\/v2\/media\/49735"}],"wp:attachment":[{"href":"https:\/\/sopesca.pt\/es\/wp-json\/wp\/v2\/media?parent=100203"}],"wp:term":[{"taxonomy":"product_brand","embeddable":true,"href":"https:\/\/sopesca.pt\/es\/wp-json\/wp\/v2\/product_brand?post=100203"},{"taxonomy":"product_cat","embeddable":true,"href":"https:\/\/sopesca.pt\/es\/wp-json\/wp\/v2\/product_cat?post=100203"},{"taxonomy":"product_tag","embeddable":true,"href":"https:\/\/sopesca.pt\/es\/wp-json\/wp\/v2\/product_tag?post=100203"}],"curies":[{"name":"wp","href":"https:\/\/api.w.org\/{rel}","templated":true}]}}