{"id":100383,"date":"2026-02-21T23:36:21","date_gmt":"2026-02-21T23:36:21","guid":{"rendered":"http:\/\/matchbaits.pt\/?post_type=product&#038;p=100383"},"modified":"2026-03-03T13:04:41","modified_gmt":"2026-03-03T13:04:41","slug":"crazy-hollow-elastic-3m","status":"publish","type":"product","link":"https:\/\/sopesca.pt\/es\/producto\/crazy-hollow-elastic-3m\/","title":{"rendered":"Crazy Hollow Elastic 3M"},"content":{"rendered":"<h2>Sensas Crazy Hollow Elastic 3M<\/h2>\n<p>&nbsp;<\/p>\n<p>Ideal para a pesca de peixe grande e em particular carpas.<\/p>\n<p>The Crazy Hollow Elastic t\u00eam um elevado coeficiente de alongamento. Se voc\u00ea precisa controlar rapidamente um peixe ou ao contr\u00e1rio, relaxar, para ganhar elasticidade e prevenir perdas, tudo ser\u00e1 poss\u00edvel com estes novos el\u00e1sticos. Elevada resist\u00eancia \u00e0 abras\u00e3o e aos raios UV complementam as grandes qualidades destes novos produtos.<\/p>","protected":false},"excerpt":{"rendered":"<p>Sensas Crazy Hollow Elastic 3M &nbsp; Ideal para a pesca de peixe grande e em particular carpas. The Crazy Hollow Elastic t\u00eam um elevado coeficiente de alongamento. Se voc\u00ea precisa controlar rapidamente um peixe ou ao contr\u00e1rio, relaxar, para ganhar elasticidade e prevenir perdas, tudo ser\u00e1 poss\u00edvel com estes novos el\u00e1sticos. Elevada resist\u00eancia \u00e0 abras\u00e3o [&hellip;]<\/p>\n","protected":false},"featured_media":49692,"comment_status":"open","ping_status":"closed","template":"","meta":{"_acf_changed":false},"product_brand":[110],"product_cat":[2276,2275],"product_tag":[],"class_list":{"0":"post-100383","1":"product","2":"type-product","3":"status-publish","4":"has-post-thumbnail","6":"product_brand-sensas","7":"product_cat-canas-acessorios","8":"product_cat-canas-acessorios-elasticos-acessorios","10":"first","11":"instock","12":"shipping-taxable","13":"purchasable","14":"product-type-variable"},"acf":[],"_links":{"self":[{"href":"https:\/\/sopesca.pt\/es\/wp-json\/wp\/v2\/product\/100383","targetHints":{"allow":["GET"]}}],"collection":[{"href":"https:\/\/sopesca.pt\/es\/wp-json\/wp\/v2\/product"}],"about":[{"href":"https:\/\/sopesca.pt\/es\/wp-json\/wp\/v2\/types\/product"}],"replies":[{"embeddable":true,"href":"https:\/\/sopesca.pt\/es\/wp-json\/wp\/v2\/comments?post=100383"}],"wp:featuredmedia":[{"embeddable":true,"href":"https:\/\/sopesca.pt\/es\/wp-json\/wp\/v2\/media\/49692"}],"wp:attachment":[{"href":"https:\/\/sopesca.pt\/es\/wp-json\/wp\/v2\/media?parent=100383"}],"wp:term":[{"taxonomy":"product_brand","embeddable":true,"href":"https:\/\/sopesca.pt\/es\/wp-json\/wp\/v2\/product_brand?post=100383"},{"taxonomy":"product_cat","embeddable":true,"href":"https:\/\/sopesca.pt\/es\/wp-json\/wp\/v2\/product_cat?post=100383"},{"taxonomy":"product_tag","embeddable":true,"href":"https:\/\/sopesca.pt\/es\/wp-json\/wp\/v2\/product_tag?post=100383"}],"curies":[{"name":"wp","href":"https:\/\/api.w.org\/{rel}","templated":true}]}}