{"id":100416,"date":"2026-02-21T23:36:25","date_gmt":"2026-02-21T23:36:25","guid":{"rendered":"http:\/\/matchbaits.pt\/?post_type=product&#038;p=100416"},"modified":"2026-03-03T13:17:31","modified_gmt":"2026-03-03T13:17:31","slug":"as3","status":"publish","type":"product","link":"https:\/\/sopesca.pt\/es\/producto\/as3\/","title":{"rendered":"AS3"},"content":{"rendered":"<p>Drennan AS3<\/p>\n<p>A AS3 foi projetada e desenvolvida em conjunto com Alan Scotthorne, cinco vezes Campe\u00e3o do Mundo.<\/p>\n<p>A AS3 foi produzida pelos nossos pr\u00f3prios engenheiros com muitos meses de afina\u00e7\u00e3o usando os mais modernos e avan\u00e7ados processos controlados por computador e m\u00e1quinas atualmente dispon\u00edveis, resultando num flutuador verdadeiramente consistente e confi\u00e1vel. Alan tem vindo a utilizar estas b\u00f3ias com regularidade e est\u00e1 muito feliz com elas, comentando sobre a sua consist\u00eancia not\u00e1vel e qualidade de constru\u00e7\u00e3o.<\/p>\n<p>A AS3 \u00e9 produzida em balsa altamente atrativa, de grau claro seguido de um revestimento especial da nossa pintura acr\u00edlica super resistente que d\u00e1 a cada flutuador um revestimento protetor. Junte a isto uma haste de carbono forte, ligada diretamente no corpo e um olho de mola de a\u00e7o inoxid\u00e1vel localizado na base da ponta oca e tudo isso acrescenta um flutuador muito forte e dur\u00e1vel que n\u00e3o vai deixar voc\u00ea para baixo.<\/p>\n<p>Este padr\u00e3o \u00e9 projetado para a pesca comercial, mas tamb\u00e9m pode ser usado com sucesso em \u00e1guas naturais tamb\u00e9m. Com o seu corpo de perfil esguio e ponta oca sens\u00edvel e brilhante 1,2 mm, oferece pouca resist\u00eancia a t\u00edmidos F1s, carpa e silverfish e \u00e9 perfeito para iscas, como larvas, casters e pellets expansor.<\/p>\n<p>As pontas de incandesc\u00eancia nas b\u00f3ias AS s\u00e3o refor\u00e7adas atrav\u00e9s da se\u00e7\u00e3o onde se juntam ao corpo. Isso fortalece a ponta flutuante oca em um ponto cr\u00edtico e fornece uma base extra forte para o olho.<\/p>\n<p>As B\u00f3is AS tamb\u00e9m apresentam uma dupla ferida de a\u00e7o inoxid\u00e1vel no olho montado na base da ponta. Sendo colocado aqui oferece a posi\u00e7\u00e3o mecanicamente mais forte sem perfurar o corpo e evitando a entrada de \u00e1gua, melhorando assim o desempenho das b\u00f3ias. Sendo de ferida dupla (isto \u00e9, o olho \u00e9 totalmente redondo) significa que a linha n\u00e3o pode ficar presa e danificada, como \u00e9 frequentemente o caso com os olhos convencionais de uma \u00fanica ferida em forma de U. Estes olhos especiais tamb\u00e9m s\u00e3o feitos de a\u00e7o inoxid\u00e1vel enegrecido para combinar com o corpo, dando uma linha de demarca\u00e7\u00e3o mais clara para a ponta de brilho, para que as mordidas s\u00e3o mais f\u00e1ceis de detectar!<\/p>\n<p>Dispon\u00edvel em tamanhos de 0,1 g, 0,2 g, 0,3 g, 0,4 g, 0,5 g e 0,6 g.<\/p>","protected":false},"excerpt":{"rendered":"<p>Drennan AS3 A AS3 foi projetada e desenvolvida em conjunto com Alan Scotthorne, cinco vezes Campe\u00e3o do Mundo. A AS3 foi produzida pelos nossos pr\u00f3prios engenheiros com muitos meses de afina\u00e7\u00e3o usando os mais modernos e avan\u00e7ados processos controlados por computador e m\u00e1quinas atualmente dispon\u00edveis, resultando num flutuador verdadeiramente consistente e confi\u00e1vel. Alan tem vindo [&hellip;]<\/p>\n","protected":false},"featured_media":25202,"comment_status":"open","ping_status":"closed","template":"","meta":{"_acf_changed":false},"product_brand":[113],"product_cat":[2267,2266],"product_tag":[],"class_list":{"0":"post-100416","1":"product","2":"type-product","3":"status-publish","4":"has-post-thumbnail","6":"product_brand-drennan","7":"product_cat-boias","8":"product_cat-boias-francesa","10":"first","11":"instock","12":"shipping-taxable","13":"purchasable","14":"product-type-variable"},"acf":[],"_links":{"self":[{"href":"https:\/\/sopesca.pt\/es\/wp-json\/wp\/v2\/product\/100416","targetHints":{"allow":["GET"]}}],"collection":[{"href":"https:\/\/sopesca.pt\/es\/wp-json\/wp\/v2\/product"}],"about":[{"href":"https:\/\/sopesca.pt\/es\/wp-json\/wp\/v2\/types\/product"}],"replies":[{"embeddable":true,"href":"https:\/\/sopesca.pt\/es\/wp-json\/wp\/v2\/comments?post=100416"}],"wp:featuredmedia":[{"embeddable":true,"href":"https:\/\/sopesca.pt\/es\/wp-json\/wp\/v2\/media\/25202"}],"wp:attachment":[{"href":"https:\/\/sopesca.pt\/es\/wp-json\/wp\/v2\/media?parent=100416"}],"wp:term":[{"taxonomy":"product_brand","embeddable":true,"href":"https:\/\/sopesca.pt\/es\/wp-json\/wp\/v2\/product_brand?post=100416"},{"taxonomy":"product_cat","embeddable":true,"href":"https:\/\/sopesca.pt\/es\/wp-json\/wp\/v2\/product_cat?post=100416"},{"taxonomy":"product_tag","embeddable":true,"href":"https:\/\/sopesca.pt\/es\/wp-json\/wp\/v2\/product_tag?post=100416"}],"curies":[{"name":"wp","href":"https:\/\/api.w.org\/{rel}","templated":true}]}}