{"id":100443,"date":"2026-02-21T23:36:30","date_gmt":"2026-02-21T23:36:30","guid":{"rendered":"http:\/\/matchbaits.pt\/?post_type=product&#038;p=100443"},"modified":"2026-04-20T20:24:34","modified_gmt":"2026-04-20T20:24:34","slug":"as7","status":"publish","type":"product","link":"https:\/\/sopesca.pt\/es\/producto\/as7\/","title":{"rendered":"AS7"},"content":{"rendered":"<h2>Drennan AS7<\/h2>\n<p>&nbsp;<\/p>\n<p>A AS7 \u00e9 a mais recente adi\u00e7\u00e3o \u00e0 nossa galardoada s\u00e9rie de b\u00f3ias com antenas desenhada em conjunto com Alan Scotthorne.<\/p>\n<p>A mais recente b\u00f3ia da premiada s\u00e9rie AS oferece uma mistura perfeita de for\u00e7a e delicadeza. A forma vers\u00e1til do corpo \u00e9 igualmente adequada para lagos, rios e canais oferecendo grande controle.<\/p>\n<p>Uma antena de fibra de vidro fino de 1 mm a 1,25 mm apresenta o nosso acabamento de tinta especial da ponta de brilho, que irradia brilhantemente em todas as condi\u00e7\u00f5es de luz. Regista a mais t\u00edmida das mordidas e trabalha particularmente bem com iscas de anzol, tais como: larvas, pinkies, caster, perfurador do p\u00e3o e vers de vase.<\/p>\n<p>As boias s\u00e3o constru\u00edda nas nossas pr\u00f3prias f\u00e1bricas usando balsa de alta qualidade para m\u00e1xima flutuabilidade e revestido exclusivamente nosso, extra-forte o acabamento de pintura acr\u00edlica para durabilidade m\u00e1xima. Como com o resto da s\u00e9rie, a AS7 \u00e9 equipada com cor preta, a\u00e7o inoxid\u00e1vel, olhos de mola. Ele tamb\u00e9m possui uma haste de a\u00e7o inoxid\u00e1vel resistente para excepcional estabilidade.Dispon\u00edvel em 0,4 g, 0,6 g, 0,8, 1 g. 1.25g, 1.5g, 2g e 3g.<\/p>\n<p>&nbsp;<\/p>\n<p>Caracter\u00edsticas:<\/p>\n<p>&#8211; Desenhado em conjunto com Alan Scotthorne, cinco vezes Campe\u00e3o do Mundo<\/p>\n<p>&#8211; Corpo balsa altamente flutuante<\/p>\n<p>&#8211; Super-resistente acabamento de pintura acr\u00edlica<\/p>\n<p>&#8211; Olho de mola de a\u00e7o inoxid\u00e1vel preto<\/p>\n<p>&#8211; 0,4 g para 1 g t\u00eam haste de a\u00e7o inoxid\u00e1vel de 0,6 mm<\/p>\n<p>&#8211; 1.25g a 3g t\u00eam a haste de a\u00e7o inoxid\u00e1vel de 0.7mm<\/p>\n<p>&#8211; 0,4 g a 0,8 g t\u00eam ponta de 1 mm<\/p>\n<p>&#8211; 1g a 3g t\u00eam ponta de 1,25mm<\/p>\n<p>&#8211; Pontas vermelhas, alaranjadas e amarelas<\/p>\n<p>&#8211; Constru\u00e7\u00e3o conc\u00eantrica<\/p>\n<p>&#8211; Constru\u00eddo e montado manualmente nas pr\u00f3prias f\u00e1bricas de Drennan<\/p>\n<p>&#8211; Oito tamanhos: 0,4 g, 0,6 g, 0,8, 1 g. 1,25 g, 1,5 g, 2 g 3 g.<\/p>","protected":false},"excerpt":{"rendered":"<p>Drennan AS7 &nbsp; A AS7 \u00e9 a mais recente adi\u00e7\u00e3o \u00e0 nossa galardoada s\u00e9rie de b\u00f3ias com antenas desenhada em conjunto com Alan Scotthorne. A mais recente b\u00f3ia da premiada s\u00e9rie AS oferece uma mistura perfeita de for\u00e7a e delicadeza. A forma vers\u00e1til do corpo \u00e9 igualmente adequada para lagos, rios e canais oferecendo grande [&hellip;]<\/p>\n","protected":false},"featured_media":25205,"comment_status":"open","ping_status":"closed","template":"","meta":{"_acf_changed":false},"product_brand":[113],"product_cat":[2267,2266],"product_tag":[],"class_list":{"0":"post-100443","1":"product","2":"type-product","3":"status-publish","4":"has-post-thumbnail","6":"product_brand-drennan","7":"product_cat-boias","8":"product_cat-boias-francesa","10":"first","11":"instock","12":"shipping-taxable","13":"purchasable","14":"product-type-variable"},"acf":[],"_links":{"self":[{"href":"https:\/\/sopesca.pt\/es\/wp-json\/wp\/v2\/product\/100443","targetHints":{"allow":["GET"]}}],"collection":[{"href":"https:\/\/sopesca.pt\/es\/wp-json\/wp\/v2\/product"}],"about":[{"href":"https:\/\/sopesca.pt\/es\/wp-json\/wp\/v2\/types\/product"}],"replies":[{"embeddable":true,"href":"https:\/\/sopesca.pt\/es\/wp-json\/wp\/v2\/comments?post=100443"}],"wp:featuredmedia":[{"embeddable":true,"href":"https:\/\/sopesca.pt\/es\/wp-json\/wp\/v2\/media\/25205"}],"wp:attachment":[{"href":"https:\/\/sopesca.pt\/es\/wp-json\/wp\/v2\/media?parent=100443"}],"wp:term":[{"taxonomy":"product_brand","embeddable":true,"href":"https:\/\/sopesca.pt\/es\/wp-json\/wp\/v2\/product_brand?post=100443"},{"taxonomy":"product_cat","embeddable":true,"href":"https:\/\/sopesca.pt\/es\/wp-json\/wp\/v2\/product_cat?post=100443"},{"taxonomy":"product_tag","embeddable":true,"href":"https:\/\/sopesca.pt\/es\/wp-json\/wp\/v2\/product_tag?post=100443"}],"curies":[{"name":"wp","href":"https:\/\/api.w.org\/{rel}","templated":true}]}}