{"id":100475,"date":"2026-02-21T23:36:35","date_gmt":"2026-02-21T23:36:35","guid":{"rendered":"http:\/\/matchbaits.pt\/?post_type=product&#038;p=100475"},"modified":"2026-03-03T13:37:30","modified_gmt":"2026-03-03T13:37:30","slug":"stone-river-150m","status":"publish","type":"product","link":"https:\/\/sopesca.pt\/es\/producto\/stone-river-150m\/","title":{"rendered":"Stone River 150m"},"content":{"rendered":"<p>Maver Stone River 150m Cor da ferrugem. Feito no Jap\u00e3o embalado em It\u00e1lia. Esta linha tem um quadro de pol\u00edmeros enriquecidos com part\u00edculas de ferro que aumentam o seu peso e ajuda o afundamento. Baixa elasticidade e nenhuma mem\u00f3ria mec\u00e2nica, aperfei\u00e7oada para a pesca \u00e0 inglesa e ao feeder. Na vers\u00e3o 600m apenas para Surf Casting.<\/p>","protected":false},"excerpt":{"rendered":"<p>Maver Stone River 150m Cor da ferrugem. Feito no Jap\u00e3o embalado em It\u00e1lia. Esta linha tem um quadro de pol\u00edmeros enriquecidos com part\u00edculas de ferro que aumentam o seu peso e ajuda o afundamento. Baixa elasticidade e nenhuma mem\u00f3ria mec\u00e2nica, aperfei\u00e7oada para a pesca \u00e0 inglesa e ao feeder. Na vers\u00e3o 600m apenas para Surf [&hellip;]<\/p>\n","protected":false},"featured_media":25090,"comment_status":"open","ping_status":"closed","template":"","meta":{"_acf_changed":false},"product_brand":[264],"product_cat":[2290,2365],"product_tag":[],"class_list":{"0":"post-100475","1":"product","2":"type-product","3":"status-publish","4":"has-post-thumbnail","6":"product_brand-maver","7":"product_cat-fios-anzois","8":"product_cat-fios-anzois-linha-p-carreto","10":"first","11":"instock","12":"shipping-taxable","13":"purchasable","14":"product-type-variable"},"acf":[],"_links":{"self":[{"href":"https:\/\/sopesca.pt\/es\/wp-json\/wp\/v2\/product\/100475","targetHints":{"allow":["GET"]}}],"collection":[{"href":"https:\/\/sopesca.pt\/es\/wp-json\/wp\/v2\/product"}],"about":[{"href":"https:\/\/sopesca.pt\/es\/wp-json\/wp\/v2\/types\/product"}],"replies":[{"embeddable":true,"href":"https:\/\/sopesca.pt\/es\/wp-json\/wp\/v2\/comments?post=100475"}],"wp:featuredmedia":[{"embeddable":true,"href":"https:\/\/sopesca.pt\/es\/wp-json\/wp\/v2\/media\/25090"}],"wp:attachment":[{"href":"https:\/\/sopesca.pt\/es\/wp-json\/wp\/v2\/media?parent=100475"}],"wp:term":[{"taxonomy":"product_brand","embeddable":true,"href":"https:\/\/sopesca.pt\/es\/wp-json\/wp\/v2\/product_brand?post=100475"},{"taxonomy":"product_cat","embeddable":true,"href":"https:\/\/sopesca.pt\/es\/wp-json\/wp\/v2\/product_cat?post=100475"},{"taxonomy":"product_tag","embeddable":true,"href":"https:\/\/sopesca.pt\/es\/wp-json\/wp\/v2\/product_tag?post=100475"}],"curies":[{"name":"wp","href":"https:\/\/api.w.org\/{rel}","templated":true}]}}