{"id":100562,"date":"2026-02-21T23:36:47","date_gmt":"2026-02-21T23:36:47","guid":{"rendered":"http:\/\/matchbaits.pt\/?post_type=product&#038;p=100562"},"modified":"2026-03-03T13:57:33","modified_gmt":"2026-03-03T13:57:33","slug":"t-force-super-soft-200m","status":"publish","type":"product","link":"https:\/\/sopesca.pt\/es\/producto\/t-force-super-soft-200m\/","title":{"rendered":"T-Force Super Soft 200m"},"content":{"rendered":"<p>Trabucco T-Force Super Soft 200m<\/p>\n<p>A vers\u00e3o mais suave na cole\u00e7\u00e3o T-Force com seu melhor uso com bobinas. Ele suavidade permite elenco extra longa e melhor apresenta\u00e7\u00e3o isca. Muito bom tamb\u00e9m para pesca mar\u00edtima apeada. A cor dourada que faz a linha vis\u00edvel fora de \u00e1gua \u00e9 completamente invis\u00edvel abaixo da \u00e1gua.<\/p>","protected":false},"excerpt":{"rendered":"<p>Trabucco T-Force Super Soft 200m A vers\u00e3o mais suave na cole\u00e7\u00e3o T-Force com seu melhor uso com bobinas. Ele suavidade permite elenco extra longa e melhor apresenta\u00e7\u00e3o isca. Muito bom tamb\u00e9m para pesca mar\u00edtima apeada. A cor dourada que faz a linha vis\u00edvel fora de \u00e1gua \u00e9 completamente invis\u00edvel abaixo da \u00e1gua.<\/p>","protected":false},"featured_media":25137,"comment_status":"open","ping_status":"closed","template":"","meta":{"_acf_changed":false},"product_brand":[134],"product_cat":[2290,2365],"product_tag":[],"class_list":{"0":"post-100562","1":"product","2":"type-product","3":"status-publish","4":"has-post-thumbnail","6":"product_brand-trabucco","7":"product_cat-fios-anzois","8":"product_cat-fios-anzois-linha-p-carreto","10":"first","11":"instock","12":"shipping-taxable","13":"purchasable","14":"product-type-variable"},"acf":[],"_links":{"self":[{"href":"https:\/\/sopesca.pt\/es\/wp-json\/wp\/v2\/product\/100562","targetHints":{"allow":["GET"]}}],"collection":[{"href":"https:\/\/sopesca.pt\/es\/wp-json\/wp\/v2\/product"}],"about":[{"href":"https:\/\/sopesca.pt\/es\/wp-json\/wp\/v2\/types\/product"}],"replies":[{"embeddable":true,"href":"https:\/\/sopesca.pt\/es\/wp-json\/wp\/v2\/comments?post=100562"}],"wp:featuredmedia":[{"embeddable":true,"href":"https:\/\/sopesca.pt\/es\/wp-json\/wp\/v2\/media\/25137"}],"wp:attachment":[{"href":"https:\/\/sopesca.pt\/es\/wp-json\/wp\/v2\/media?parent=100562"}],"wp:term":[{"taxonomy":"product_brand","embeddable":true,"href":"https:\/\/sopesca.pt\/es\/wp-json\/wp\/v2\/product_brand?post=100562"},{"taxonomy":"product_cat","embeddable":true,"href":"https:\/\/sopesca.pt\/es\/wp-json\/wp\/v2\/product_cat?post=100562"},{"taxonomy":"product_tag","embeddable":true,"href":"https:\/\/sopesca.pt\/es\/wp-json\/wp\/v2\/product_tag?post=100562"}],"curies":[{"name":"wp","href":"https:\/\/api.w.org\/{rel}","templated":true}]}}