{"id":100564,"date":"2026-02-21T23:36:48","date_gmt":"2026-02-21T23:36:48","guid":{"rendered":"http:\/\/matchbaits.pt\/?post_type=product&#038;p=100564"},"modified":"2026-03-03T14:01:58","modified_gmt":"2026-03-03T14:01:58","slug":"t-force-black-bass-150m","status":"publish","type":"product","link":"https:\/\/sopesca.pt\/es\/producto\/t-force-black-bass-150m\/","title":{"rendered":"T-Force Black Bass 150m"},"content":{"rendered":"<p>Trabucco T-Force Black Bass 150m<\/p>\n<p>Este monofilamento clolour novo verde escuro foi desenvolvido para a pesca Blask Bass, altamente exigido pelo mercado dos EUA e tamb\u00e9m da Europa nos \u00faltimos anos. \u00c9 o mais forte plymer j\u00e1 produzido pelos laborat\u00f3rios T-Force, com uma capacidade de estiramento muito baixa, mais suave do que qualquer outra linha de fia\u00e7\u00e3o espec\u00edfica, e oferece as caracter\u00edsticas t\u00e9cnicas de direito que permitem o pescador para moldes mais precisos e mais longo. A aus\u00eancia de elasticidade d\u00e1 o &#8220;controle direto do isco&#8221;, permitindo ter a capacidade de &#8220;ataque&#8221; mais r\u00e1pida que voc\u00ea j\u00e1 experimentou. \u00c9 enrolada em paralelo em bonines de 150mt embalados individualmente.<\/p>","protected":false},"excerpt":{"rendered":"<p>Trabucco T-Force Black Bass 150m Este monofilamento clolour novo verde escuro foi desenvolvido para a pesca Blask Bass, altamente exigido pelo mercado dos EUA e tamb\u00e9m da Europa nos \u00faltimos anos. \u00c9 o mais forte plymer j\u00e1 produzido pelos laborat\u00f3rios T-Force, com uma capacidade de estiramento muito baixa, mais suave do que qualquer outra linha [&hellip;]<\/p>\n","protected":false},"featured_media":25149,"comment_status":"open","ping_status":"closed","template":"","meta":{"_acf_changed":false},"product_brand":[134],"product_cat":[2290,2365],"product_tag":[],"class_list":{"0":"post-100564","1":"product","2":"type-product","3":"status-publish","4":"has-post-thumbnail","6":"product_brand-trabucco","7":"product_cat-fios-anzois","8":"product_cat-fios-anzois-linha-p-carreto","10":"first","11":"instock","12":"shipping-taxable","13":"purchasable","14":"product-type-variable"},"acf":[],"_links":{"self":[{"href":"https:\/\/sopesca.pt\/es\/wp-json\/wp\/v2\/product\/100564","targetHints":{"allow":["GET"]}}],"collection":[{"href":"https:\/\/sopesca.pt\/es\/wp-json\/wp\/v2\/product"}],"about":[{"href":"https:\/\/sopesca.pt\/es\/wp-json\/wp\/v2\/types\/product"}],"replies":[{"embeddable":true,"href":"https:\/\/sopesca.pt\/es\/wp-json\/wp\/v2\/comments?post=100564"}],"wp:featuredmedia":[{"embeddable":true,"href":"https:\/\/sopesca.pt\/es\/wp-json\/wp\/v2\/media\/25149"}],"wp:attachment":[{"href":"https:\/\/sopesca.pt\/es\/wp-json\/wp\/v2\/media?parent=100564"}],"wp:term":[{"taxonomy":"product_brand","embeddable":true,"href":"https:\/\/sopesca.pt\/es\/wp-json\/wp\/v2\/product_brand?post=100564"},{"taxonomy":"product_cat","embeddable":true,"href":"https:\/\/sopesca.pt\/es\/wp-json\/wp\/v2\/product_cat?post=100564"},{"taxonomy":"product_tag","embeddable":true,"href":"https:\/\/sopesca.pt\/es\/wp-json\/wp\/v2\/product_tag?post=100564"}],"curies":[{"name":"wp","href":"https:\/\/api.w.org\/{rel}","templated":true}]}}