{"id":100566,"date":"2026-02-21T23:36:48","date_gmt":"2026-02-21T23:36:48","guid":{"rendered":"http:\/\/matchbaits.pt\/?post_type=product&#038;p=100566"},"modified":"2026-03-03T14:27:32","modified_gmt":"2026-03-03T14:27:32","slug":"maxum-feeder-mxf-36","status":"publish","type":"product","link":"https:\/\/sopesca.pt\/es\/producto\/maxum-feeder-mxf-36\/","title":{"rendered":"Maxum Feeder MXF-36"},"content":{"rendered":"<p>Barros Maxum Feeder MXF-36<\/p>\n<p>Cana em carbono, para pesca a m\u00e9dia e longa dist\u00e2ncia, com feeders e method feeders at\u00e9 100g. Equipada com 3 ponteiras (L, M e MH), a MAXUM FEEDER vem com passadores de sa\u00edda generosa, permitindo a pesca com linhas grossas ou com shock leader. \u00c9 uma cana de pre\u00e7o agrad\u00e1vel, adequada para a pesca de carpas e barbos.<\/p>","protected":false},"excerpt":{"rendered":"<p>Barros Maxum Feeder MXF-36 Cana em carbono, para pesca a m\u00e9dia e longa dist\u00e2ncia, com feeders e method feeders at\u00e9 100g. Equipada com 3 ponteiras (L, M e MH), a MAXUM FEEDER vem com passadores de sa\u00edda generosa, permitindo a pesca com linhas grossas ou com shock leader. \u00c9 uma cana de pre\u00e7o agrad\u00e1vel, adequada [&hellip;]<\/p>\n","protected":false},"featured_media":49960,"comment_status":"open","ping_status":"closed","template":"","meta":{"_acf_changed":false},"product_brand":[210],"product_cat":[2276,2337],"product_tag":[],"class_list":{"0":"post-100566","1":"product","2":"type-product","3":"status-publish","4":"has-post-thumbnail","6":"product_brand-barros","7":"product_cat-canas-acessorios","8":"product_cat-canas-acessorios-feeder","10":"first","11":"outofstock","12":"shipping-taxable","13":"purchasable","14":"product-type-variable"},"acf":[],"_links":{"self":[{"href":"https:\/\/sopesca.pt\/es\/wp-json\/wp\/v2\/product\/100566","targetHints":{"allow":["GET"]}}],"collection":[{"href":"https:\/\/sopesca.pt\/es\/wp-json\/wp\/v2\/product"}],"about":[{"href":"https:\/\/sopesca.pt\/es\/wp-json\/wp\/v2\/types\/product"}],"replies":[{"embeddable":true,"href":"https:\/\/sopesca.pt\/es\/wp-json\/wp\/v2\/comments?post=100566"}],"wp:featuredmedia":[{"embeddable":true,"href":"https:\/\/sopesca.pt\/es\/wp-json\/wp\/v2\/media\/49960"}],"wp:attachment":[{"href":"https:\/\/sopesca.pt\/es\/wp-json\/wp\/v2\/media?parent=100566"}],"wp:term":[{"taxonomy":"product_brand","embeddable":true,"href":"https:\/\/sopesca.pt\/es\/wp-json\/wp\/v2\/product_brand?post=100566"},{"taxonomy":"product_cat","embeddable":true,"href":"https:\/\/sopesca.pt\/es\/wp-json\/wp\/v2\/product_cat?post=100566"},{"taxonomy":"product_tag","embeddable":true,"href":"https:\/\/sopesca.pt\/es\/wp-json\/wp\/v2\/product_tag?post=100566"}],"curies":[{"name":"wp","href":"https:\/\/api.w.org\/{rel}","templated":true}]}}