{"id":100653,"date":"2026-02-21T23:37:05","date_gmt":"2026-02-21T23:37:05","guid":{"rendered":"http:\/\/matchbaits.pt\/?post_type=product&#038;p=100653"},"modified":"2026-03-03T15:00:12","modified_gmt":"2026-03-03T15:00:12","slug":"countdown-mn","status":"publish","type":"product","link":"https:\/\/sopesca.pt\/es\/producto\/countdown-mn\/","title":{"rendered":"CountDown MN"},"content":{"rendered":"<p>CountDown MN<\/p>\n<p>Ideal para lan\u00e7amentos e para a constante busca de peixes atrav\u00e9s da coluna de \u00e1gua, a Scatter Rap &#8211; CountDown &#8211; Combina o m\u00e9todo de contar atr\u00e1s e a a\u00e7\u00e3o evasiva. Uma recupera\u00e7\u00e3o lenta mant\u00e9m uma a\u00e7\u00e3o subtil, contudo ao acelerar o ritmo de recupera\u00e7\u00e3o as travessuras subaqu\u00e1ticas come\u00e7am. Esta \u00e9 uma persegui\u00e7\u00e3o que os grandes predadores n\u00e3o querem perder.<\/p>\n<p>&#8211; Corpo de balsa com Scatter Lip de arame atrav\u00e9s da constru\u00e7\u00e3o;<br \/>\n&#8211; A\u00e7\u00e3o evasiva, err\u00e1tica, flutuante, silenciosa;<br \/>\n&#8211; Controlo de profundidade;<br \/>\n&#8211; V\u00e1rias esp\u00e9cies predadoras;<br \/>\n&#8211; Anz\u00f3is VMC Black Nickel Round Bend;<br \/>\n&#8211; Provado e testdo \u00e0 m\u00e3o.<\/p>\n<p>Profundidade: 1,8 &#8211; 2,7;<br \/>\nTamanho Corpo: 7cm;<br \/>\nAnz\u00f3is n.: 6<\/p>","protected":false},"excerpt":{"rendered":"<p>CountDown MN Ideal para lan\u00e7amentos e para a constante busca de peixes atrav\u00e9s da coluna de \u00e1gua, a Scatter Rap &#8211; CountDown &#8211; Combina o m\u00e9todo de contar atr\u00e1s e a a\u00e7\u00e3o evasiva. Uma recupera\u00e7\u00e3o lenta mant\u00e9m uma a\u00e7\u00e3o subtil, contudo ao acelerar o ritmo de recupera\u00e7\u00e3o as travessuras subaqu\u00e1ticas come\u00e7am. Esta \u00e9 uma persegui\u00e7\u00e3o [&hellip;]<\/p>\n","protected":false},"featured_media":44619,"comment_status":"open","ping_status":"closed","template":"","meta":{"_acf_changed":false},"product_brand":[272],"product_cat":[2308,2313],"product_tag":[],"class_list":{"0":"post-100653","1":"product","2":"type-product","3":"status-publish","4":"has-post-thumbnail","6":"product_brand-rapala","7":"product_cat-predadores","8":"product_cat-predadores-rigidas","10":"first","11":"instock","12":"shipping-taxable","13":"purchasable","14":"product-type-variable"},"acf":[],"_links":{"self":[{"href":"https:\/\/sopesca.pt\/es\/wp-json\/wp\/v2\/product\/100653","targetHints":{"allow":["GET"]}}],"collection":[{"href":"https:\/\/sopesca.pt\/es\/wp-json\/wp\/v2\/product"}],"about":[{"href":"https:\/\/sopesca.pt\/es\/wp-json\/wp\/v2\/types\/product"}],"replies":[{"embeddable":true,"href":"https:\/\/sopesca.pt\/es\/wp-json\/wp\/v2\/comments?post=100653"}],"wp:featuredmedia":[{"embeddable":true,"href":"https:\/\/sopesca.pt\/es\/wp-json\/wp\/v2\/media\/44619"}],"wp:attachment":[{"href":"https:\/\/sopesca.pt\/es\/wp-json\/wp\/v2\/media?parent=100653"}],"wp:term":[{"taxonomy":"product_brand","embeddable":true,"href":"https:\/\/sopesca.pt\/es\/wp-json\/wp\/v2\/product_brand?post=100653"},{"taxonomy":"product_cat","embeddable":true,"href":"https:\/\/sopesca.pt\/es\/wp-json\/wp\/v2\/product_cat?post=100653"},{"taxonomy":"product_tag","embeddable":true,"href":"https:\/\/sopesca.pt\/es\/wp-json\/wp\/v2\/product_tag?post=100653"}],"curies":[{"name":"wp","href":"https:\/\/api.w.org\/{rel}","templated":true}]}}