{"id":100687,"date":"2026-02-21T23:37:12","date_gmt":"2026-02-21T23:37:12","guid":{"rendered":"http:\/\/matchbaits.pt\/?post_type=product&#038;p=100687"},"modified":"2026-04-29T11:06:45","modified_gmt":"2026-04-29T11:06:45","slug":"anzol-n500","status":"publish","type":"product","link":"https:\/\/sopesca.pt\/es\/producto\/anzol-n500\/","title":{"rendered":"Anzol N500"},"content":{"rendered":"<p>Colmiz Anzol N500<\/p>\n<p>Este \u00e9 um dos anz\u00f3is favoritos dos pescadores em toda a Europa. A curvatura especial garante uma reten\u00e7\u00e3o perfeita no peixe enganchado e f\u00e1cil pouso. Usado com sucesso pela nossa equipe.<\/p>","protected":false},"excerpt":{"rendered":"<p>Colmiz Anzol N500 Este \u00e9 um dos anz\u00f3is favoritos dos pescadores em toda a Europa. A curvatura especial garante uma reten\u00e7\u00e3o perfeita no peixe enganchado e f\u00e1cil pouso. Usado com sucesso pela nossa equipe.<\/p>","protected":false},"featured_media":25476,"comment_status":"open","ping_status":"closed","template":"","meta":{"_acf_changed":false},"product_brand":[136],"product_cat":[2289,2290],"product_tag":[],"class_list":{"0":"post-100687","1":"product","2":"type-product","3":"status-publish","4":"has-post-thumbnail","6":"product_brand-colmic","7":"product_cat-fios-anzois-anzois-p-rio","8":"product_cat-fios-anzois","10":"first","11":"instock","12":"shipping-taxable","13":"purchasable","14":"product-type-variable"},"acf":[],"_links":{"self":[{"href":"https:\/\/sopesca.pt\/es\/wp-json\/wp\/v2\/product\/100687","targetHints":{"allow":["GET"]}}],"collection":[{"href":"https:\/\/sopesca.pt\/es\/wp-json\/wp\/v2\/product"}],"about":[{"href":"https:\/\/sopesca.pt\/es\/wp-json\/wp\/v2\/types\/product"}],"replies":[{"embeddable":true,"href":"https:\/\/sopesca.pt\/es\/wp-json\/wp\/v2\/comments?post=100687"}],"wp:featuredmedia":[{"embeddable":true,"href":"https:\/\/sopesca.pt\/es\/wp-json\/wp\/v2\/media\/25476"}],"wp:attachment":[{"href":"https:\/\/sopesca.pt\/es\/wp-json\/wp\/v2\/media?parent=100687"}],"wp:term":[{"taxonomy":"product_brand","embeddable":true,"href":"https:\/\/sopesca.pt\/es\/wp-json\/wp\/v2\/product_brand?post=100687"},{"taxonomy":"product_cat","embeddable":true,"href":"https:\/\/sopesca.pt\/es\/wp-json\/wp\/v2\/product_cat?post=100687"},{"taxonomy":"product_tag","embeddable":true,"href":"https:\/\/sopesca.pt\/es\/wp-json\/wp\/v2\/product_tag?post=100687"}],"curies":[{"name":"wp","href":"https:\/\/api.w.org\/{rel}","templated":true}]}}