{"id":100745,"date":"2026-02-21T23:37:20","date_gmt":"2026-02-21T23:37:20","guid":{"rendered":"http:\/\/matchbaits.pt\/?post_type=product&#038;p=100745"},"modified":"2026-03-03T15:08:43","modified_gmt":"2026-03-03T15:08:43","slug":"guarda-chuva-fiberglass-2-5m","status":"publish","type":"product","link":"https:\/\/sopesca.pt\/es\/producto\/guarda-chuva-fiberglass-2-5m\/","title":{"rendered":"Guarda-Chuva Fiberglass 2.5m"},"content":{"rendered":"<p>Colmic Guarda-Chuva Fiberglass 2.5m O quadro desta novo guarda-chuva da Comic foi feito com os refor\u00e7os de fibra de vidro leve de um di\u00e2metro de 8.00 mil\u00edmetros, resultando em uma sombrinha muito leve e est\u00e1vel, mesmo nas piores condi\u00e7\u00f5es meteorol\u00f3gicas. Tamb\u00e9m equipado com uma outra caracter\u00edstica exclusiva e inovadora: o alum\u00ednio ajust\u00e1vel \u00c2ngulo de inclina\u00e7\u00e3o, uma articula\u00e7\u00e3o especial com um bloqueio de alum\u00ednio amassada Permitir que o guarda-chuva para inclinar em qualquer posi\u00e7\u00e3o em quaisquer condi\u00e7\u00f5es de chuva e vento. Para melhor estabilizar o guarda-chuva que apresentam tr\u00eas an\u00e9is em pontos estrat\u00e9gicos, Pontos atrelar est\u00e1veis, e vem equipado com dois tenda rainha estacas para fixar a estrutura perfeitamente no ch\u00e3o. O p\u00f3lo inferior est\u00e1 equipado com uma broca para colocar o ponto Permitindo sombrinha nas terras mais pesadas. Dispon\u00edvel nos tamanhos de 2,50 e 2,80 mts, ESTA sombrinha \u00e9 expressamente em forma de \u00e2ngulo em um especial n\u00e3o interferir com a parte de tr\u00e1s do transporte haste poste. Caracter\u00edsticas de soldagem t\u00e9rmica e costura feita de tecido 100Gr.\/m2 Sun Prote\u00e7\u00e3o poli\u00e9ster, este novo brolly Colmic \u00e9 extremamente leve e \u00e9 um escudo completo contra a chuva e do sol.<\/p>","protected":false},"excerpt":{"rendered":"<p>Colmic Guarda-Chuva Fiberglass 2.5m O quadro desta novo guarda-chuva da Comic foi feito com os refor\u00e7os de fibra de vidro leve de um di\u00e2metro de 8.00 mil\u00edmetros, resultando em uma sombrinha muito leve e est\u00e1vel, mesmo nas piores condi\u00e7\u00f5es meteorol\u00f3gicas. Tamb\u00e9m equipado com uma outra caracter\u00edstica exclusiva e inovadora: o alum\u00ednio ajust\u00e1vel \u00c2ngulo de inclina\u00e7\u00e3o, [&hellip;]<\/p>\n","protected":false},"featured_media":25403,"comment_status":"open","ping_status":"closed","template":"","meta":{"_acf_changed":false},"product_brand":[136],"product_cat":[2319,5489],"product_tag":[],"class_list":{"0":"post-100745","1":"product","2":"type-product","3":"status-publish","4":"has-post-thumbnail","6":"product_brand-colmic","7":"product_cat-redes-guarda-chuvas-guarda-chuva-sol","8":"product_cat-redes-guarda-chuvas","10":"first","11":"instock","12":"shipping-taxable","13":"purchasable","14":"product-type-variable"},"acf":[],"_links":{"self":[{"href":"https:\/\/sopesca.pt\/es\/wp-json\/wp\/v2\/product\/100745","targetHints":{"allow":["GET"]}}],"collection":[{"href":"https:\/\/sopesca.pt\/es\/wp-json\/wp\/v2\/product"}],"about":[{"href":"https:\/\/sopesca.pt\/es\/wp-json\/wp\/v2\/types\/product"}],"replies":[{"embeddable":true,"href":"https:\/\/sopesca.pt\/es\/wp-json\/wp\/v2\/comments?post=100745"}],"wp:featuredmedia":[{"embeddable":true,"href":"https:\/\/sopesca.pt\/es\/wp-json\/wp\/v2\/media\/25403"}],"wp:attachment":[{"href":"https:\/\/sopesca.pt\/es\/wp-json\/wp\/v2\/media?parent=100745"}],"wp:term":[{"taxonomy":"product_brand","embeddable":true,"href":"https:\/\/sopesca.pt\/es\/wp-json\/wp\/v2\/product_brand?post=100745"},{"taxonomy":"product_cat","embeddable":true,"href":"https:\/\/sopesca.pt\/es\/wp-json\/wp\/v2\/product_cat?post=100745"},{"taxonomy":"product_tag","embeddable":true,"href":"https:\/\/sopesca.pt\/es\/wp-json\/wp\/v2\/product_tag?post=100745"}],"curies":[{"name":"wp","href":"https:\/\/api.w.org\/{rel}","templated":true}]}}