{"id":100773,"date":"2026-02-21T23:37:25","date_gmt":"2026-02-21T23:37:25","guid":{"rendered":"http:\/\/matchbaits.pt\/?post_type=product&#038;p=100773"},"modified":"2026-03-03T15:12:04","modified_gmt":"2026-03-03T15:12:04","slug":"double-pot-250-ml","status":"publish","type":"product","link":"https:\/\/sopesca.pt\/es\/producto\/double-pot-250-ml\/","title":{"rendered":"Double Pot 250 ml"},"content":{"rendered":"<p>Colmic Double Pot 250 ml A sua forma dupla especial permite que voc\u00ea alimentar os peixes duas vezes a quantidade de copo normal, ele tamb\u00e9m permite que voc\u00ea selecione o seu terreno isca \/ solo, escolhendo diferentes texturas. Ele tamb\u00e9m permite que voc\u00ea para alimentar uma variedade de combina\u00e7\u00f5es de isca. A dupla POT \u00e9 muito leve, com capacidade de 250 ml e vem com dois conectores de parafuso (1 com di\u00e2metro interno de 4,25 mm e um di\u00e2metro interno de 5,45 mm Com) adapt\u00e1vel a v\u00e1rios tipos de kits.<\/p>","protected":false},"excerpt":{"rendered":"<p>Colmic Double Pot 250 ml A sua forma dupla especial permite que voc\u00ea alimentar os peixes duas vezes a quantidade de copo normal, ele tamb\u00e9m permite que voc\u00ea selecione o seu terreno isca \/ solo, escolhendo diferentes texturas. Ele tamb\u00e9m permite que voc\u00ea para alimentar uma variedade de combina\u00e7\u00f5es de isca. A dupla POT \u00e9 [&hellip;]<\/p>\n","protected":false},"featured_media":50828,"comment_status":"open","ping_status":"closed","template":"","meta":{"_acf_changed":false},"product_brand":[136],"product_cat":[2276,2344],"product_tag":[],"class_list":{"0":"post-100773","1":"product","2":"type-product","3":"status-publish","4":"has-post-thumbnail","6":"product_brand-colmic","7":"product_cat-canas-acessorios","8":"product_cat-canas-acessorios-francesa-copos","10":"first","11":"instock","12":"shipping-taxable","13":"purchasable","14":"product-type-variable"},"acf":[],"_links":{"self":[{"href":"https:\/\/sopesca.pt\/es\/wp-json\/wp\/v2\/product\/100773","targetHints":{"allow":["GET"]}}],"collection":[{"href":"https:\/\/sopesca.pt\/es\/wp-json\/wp\/v2\/product"}],"about":[{"href":"https:\/\/sopesca.pt\/es\/wp-json\/wp\/v2\/types\/product"}],"replies":[{"embeddable":true,"href":"https:\/\/sopesca.pt\/es\/wp-json\/wp\/v2\/comments?post=100773"}],"wp:featuredmedia":[{"embeddable":true,"href":"https:\/\/sopesca.pt\/es\/wp-json\/wp\/v2\/media\/50828"}],"wp:attachment":[{"href":"https:\/\/sopesca.pt\/es\/wp-json\/wp\/v2\/media?parent=100773"}],"wp:term":[{"taxonomy":"product_brand","embeddable":true,"href":"https:\/\/sopesca.pt\/es\/wp-json\/wp\/v2\/product_brand?post=100773"},{"taxonomy":"product_cat","embeddable":true,"href":"https:\/\/sopesca.pt\/es\/wp-json\/wp\/v2\/product_cat?post=100773"},{"taxonomy":"product_tag","embeddable":true,"href":"https:\/\/sopesca.pt\/es\/wp-json\/wp\/v2\/product_tag?post=100773"}],"curies":[{"name":"wp","href":"https:\/\/api.w.org\/{rel}","templated":true}]}}