{"id":100811,"date":"2026-02-21T23:37:31","date_gmt":"2026-02-21T23:37:31","guid":{"rendered":"http:\/\/matchbaits.pt\/?post_type=product&#038;p=100811"},"modified":"2026-03-03T15:15:56","modified_gmt":"2026-03-03T15:15:56","slug":"swivel-stop-beads","status":"publish","type":"product","link":"https:\/\/sopesca.pt\/es\/producto\/swivel-stop-beads\/","title":{"rendered":"Swivel Stop Beads"},"content":{"rendered":"<p>Drennan Swivel Stop Beads Drennan Swivel Stop Beads s\u00e3o um batente anti-emaranhado eficaz para todos os equipamentos correntes de chumbo e feeder. O tal\u00e3o de borracha \u00e9 projetado para abrigar o destorcedor e deixar a parte inferior deste livre para girar. Cada pacote cont\u00e9m oito destorcedores e oito contas numa mistura de camo verde, camo cinza e marrom camo. Swivel Stop Beads est\u00e3o dispon\u00edveis em tr\u00eas tamanhos: &#8211; Pequeno (tamanho 14); &#8211; M\u00e9dio (tamanho 11); &#8211; Grande (tamanho 9).<\/p>","protected":false},"excerpt":{"rendered":"<p>Drennan Swivel Stop Beads Drennan Swivel Stop Beads s\u00e3o um batente anti-emaranhado eficaz para todos os equipamentos correntes de chumbo e feeder. O tal\u00e3o de borracha \u00e9 projetado para abrigar o destorcedor e deixar a parte inferior deste livre para girar. Cada pacote cont\u00e9m oito destorcedores e oito contas numa mistura de camo verde, camo [&hellip;]<\/p>\n","protected":false},"featured_media":24988,"comment_status":"open","ping_status":"closed","template":"","meta":{"_acf_changed":false},"product_brand":[113],"product_cat":[2294,2272],"product_tag":[],"class_list":{"0":"post-100811","1":"product","2":"type-product","3":"status-publish","4":"has-post-thumbnail","6":"product_brand-drennan","7":"product_cat-feeders-acessorios-acessorios-de-feeder","8":"product_cat-feeders-acessorios","10":"first","11":"instock","12":"shipping-taxable","13":"purchasable","14":"product-type-variable"},"acf":[],"_links":{"self":[{"href":"https:\/\/sopesca.pt\/es\/wp-json\/wp\/v2\/product\/100811","targetHints":{"allow":["GET"]}}],"collection":[{"href":"https:\/\/sopesca.pt\/es\/wp-json\/wp\/v2\/product"}],"about":[{"href":"https:\/\/sopesca.pt\/es\/wp-json\/wp\/v2\/types\/product"}],"replies":[{"embeddable":true,"href":"https:\/\/sopesca.pt\/es\/wp-json\/wp\/v2\/comments?post=100811"}],"wp:featuredmedia":[{"embeddable":true,"href":"https:\/\/sopesca.pt\/es\/wp-json\/wp\/v2\/media\/24988"}],"wp:attachment":[{"href":"https:\/\/sopesca.pt\/es\/wp-json\/wp\/v2\/media?parent=100811"}],"wp:term":[{"taxonomy":"product_brand","embeddable":true,"href":"https:\/\/sopesca.pt\/es\/wp-json\/wp\/v2\/product_brand?post=100811"},{"taxonomy":"product_cat","embeddable":true,"href":"https:\/\/sopesca.pt\/es\/wp-json\/wp\/v2\/product_cat?post=100811"},{"taxonomy":"product_tag","embeddable":true,"href":"https:\/\/sopesca.pt\/es\/wp-json\/wp\/v2\/product_tag?post=100811"}],"curies":[{"name":"wp","href":"https:\/\/api.w.org\/{rel}","templated":true}]}}