{"id":100832,"date":"2026-02-21T23:37:39","date_gmt":"2026-02-21T23:37:39","guid":{"rendered":"http:\/\/matchbaits.pt\/?post_type=product&#038;p=100832"},"modified":"2026-04-19T18:24:25","modified_gmt":"2026-04-19T18:24:25","slug":"boia-cristal","status":"publish","type":"product","link":"https:\/\/sopesca.pt\/es\/producto\/boia-cristal\/","title":{"rendered":"Boia Cristal"},"content":{"rendered":"<p>Trabucco Boia Cristal<\/p>\n<p>Modelo fabricado em policarbonato absolutamente insens\u00edvel ao calor, tornando-o ideal para a pesca mar\u00edtima. Possui suporte de starlight de 4 mm.<br \/>\n\u00c9 igualmente ideal para a pesca em lagos a m\u00e9dias e longas dist\u00e2ncias para peixes desconfiados.<\/p>","protected":false},"excerpt":{"rendered":"<p>Trabucco Boia Cristal Modelo fabricado em policarbonato absolutamente insens\u00edvel ao calor, tornando-o ideal para a pesca mar\u00edtima. Possui suporte de starlight de 4 mm. \u00c9 igualmente ideal para a pesca em lagos a m\u00e9dias e longas dist\u00e2ncias para peixes desconfiados.<\/p>","protected":false},"featured_media":24989,"comment_status":"open","ping_status":"closed","template":"","meta":{"_acf_changed":false},"product_brand":[134],"product_cat":[2267,2306],"product_tag":[],"class_list":{"0":"post-100832","1":"product","2":"type-product","3":"status-publish","4":"has-post-thumbnail","6":"product_brand-trabucco","7":"product_cat-boias","8":"product_cat-boias-inglesa","10":"first","11":"instock","12":"shipping-taxable","13":"purchasable","14":"product-type-variable"},"acf":[],"_links":{"self":[{"href":"https:\/\/sopesca.pt\/es\/wp-json\/wp\/v2\/product\/100832","targetHints":{"allow":["GET"]}}],"collection":[{"href":"https:\/\/sopesca.pt\/es\/wp-json\/wp\/v2\/product"}],"about":[{"href":"https:\/\/sopesca.pt\/es\/wp-json\/wp\/v2\/types\/product"}],"replies":[{"embeddable":true,"href":"https:\/\/sopesca.pt\/es\/wp-json\/wp\/v2\/comments?post=100832"}],"wp:featuredmedia":[{"embeddable":true,"href":"https:\/\/sopesca.pt\/es\/wp-json\/wp\/v2\/media\/24989"}],"wp:attachment":[{"href":"https:\/\/sopesca.pt\/es\/wp-json\/wp\/v2\/media?parent=100832"}],"wp:term":[{"taxonomy":"product_brand","embeddable":true,"href":"https:\/\/sopesca.pt\/es\/wp-json\/wp\/v2\/product_brand?post=100832"},{"taxonomy":"product_cat","embeddable":true,"href":"https:\/\/sopesca.pt\/es\/wp-json\/wp\/v2\/product_cat?post=100832"},{"taxonomy":"product_tag","embeddable":true,"href":"https:\/\/sopesca.pt\/es\/wp-json\/wp\/v2\/product_tag?post=100832"}],"curies":[{"name":"wp","href":"https:\/\/api.w.org\/{rel}","templated":true}]}}