{"id":100864,"date":"2026-02-21T23:37:44","date_gmt":"2026-02-21T23:37:44","guid":{"rendered":"http:\/\/matchbaits.pt\/?post_type=product&#038;p=100864"},"modified":"2026-03-03T21:09:52","modified_gmt":"2026-03-03T21:09:52","slug":"fixed-angle-lock","status":"publish","type":"product","link":"https:\/\/sopesca.pt\/es\/producto\/fixed-angle-lock\/","title":{"rendered":"Fixed Angle Lock"},"content":{"rendered":"<p>Preston Fixed Angle Lock Desenhado para caber entre um bra\u00e7o de feeder e descanso de feeder, fornecendo ao pescador com uma configura\u00e7\u00e3o ultra est\u00e1vel, montagem positiva.<\/p>","protected":false},"excerpt":{"rendered":"<p>Preston Fixed Angle Lock Desenhado para caber entre um bra\u00e7o de feeder e descanso de feeder, fornecendo ao pescador com uma configura\u00e7\u00e3o ultra est\u00e1vel, montagem positiva.<\/p>","protected":false},"featured_media":50329,"comment_status":"open","ping_status":"closed","template":"","meta":{"_acf_changed":false},"product_brand":[153],"product_cat":[2367,2300],"product_tag":[],"class_list":{"0":"post-100864","1":"product","2":"type-product","3":"status-publish","4":"has-post-thumbnail","6":"product_brand-preston","7":"product_cat-panier-acessorios-acessorios","8":"product_cat-panier-acessorios","10":"first","11":"instock","12":"shipping-taxable","13":"purchasable","14":"product-type-variable"},"acf":[],"_links":{"self":[{"href":"https:\/\/sopesca.pt\/es\/wp-json\/wp\/v2\/product\/100864","targetHints":{"allow":["GET"]}}],"collection":[{"href":"https:\/\/sopesca.pt\/es\/wp-json\/wp\/v2\/product"}],"about":[{"href":"https:\/\/sopesca.pt\/es\/wp-json\/wp\/v2\/types\/product"}],"replies":[{"embeddable":true,"href":"https:\/\/sopesca.pt\/es\/wp-json\/wp\/v2\/comments?post=100864"}],"wp:featuredmedia":[{"embeddable":true,"href":"https:\/\/sopesca.pt\/es\/wp-json\/wp\/v2\/media\/50329"}],"wp:attachment":[{"href":"https:\/\/sopesca.pt\/es\/wp-json\/wp\/v2\/media?parent=100864"}],"wp:term":[{"taxonomy":"product_brand","embeddable":true,"href":"https:\/\/sopesca.pt\/es\/wp-json\/wp\/v2\/product_brand?post=100864"},{"taxonomy":"product_cat","embeddable":true,"href":"https:\/\/sopesca.pt\/es\/wp-json\/wp\/v2\/product_cat?post=100864"},{"taxonomy":"product_tag","embeddable":true,"href":"https:\/\/sopesca.pt\/es\/wp-json\/wp\/v2\/product_tag?post=100864"}],"curies":[{"name":"wp","href":"https:\/\/api.w.org\/{rel}","templated":true}]}}