{"id":100870,"date":"2026-02-21T23:37:45","date_gmt":"2026-02-21T23:37:45","guid":{"rendered":"http:\/\/matchbaits.pt\/?post_type=product&#038;p=100870"},"modified":"2026-03-04T09:59:24","modified_gmt":"2026-03-04T09:59:24","slug":"dutch-feeder-rod-rests","status":"publish","type":"product","link":"https:\/\/sopesca.pt\/es\/producto\/dutch-feeder-rod-rests\/","title":{"rendered":"Dutch Feeder Rod Rests"},"content":{"rendered":"<p>Preston Dutch Feeder Rod Rests Possui um bra\u00e7o acolchoado que protege a haste e guias de danos. Permite que a haste se mova livremente ao longo do resto na mordida, enquanto a extremidade curva evita que a haste seja retirada do resto. O descanso do alimentador do m\u00e9todo oferece a flexibilidade incredible ao colocar a haste. Com um bra\u00e7o totalmente acolchoado que protege tanto a haste e guias de danos. A forma \u00fanica permite que a haste se mova livremente ao longo do resto na mordida, enquanto a extremidade curva evita que a haste seja puxada para fora do resto de uma tomada agressiva que \u00e9 frequentemente encontrada ao pescar um alimentador de m\u00e9todo.<\/p>","protected":false},"excerpt":{"rendered":"<p>Preston Dutch Feeder Rod Rests Possui um bra\u00e7o acolchoado que protege a haste e guias de danos. Permite que a haste se mova livremente ao longo do resto na mordida, enquanto a extremidade curva evita que a haste seja retirada do resto. O descanso do alimentador do m\u00e9todo oferece a flexibilidade incredible ao colocar a [&hellip;]<\/p>\n","protected":false},"featured_media":49824,"comment_status":"open","ping_status":"closed","template":"","meta":{"_acf_changed":false},"product_brand":[153],"product_cat":[2274,2370,2272,2300],"product_tag":[],"class_list":{"0":"post-100870","1":"product","2":"type-product","3":"status-publish","4":"has-post-thumbnail","6":"product_brand-preston","7":"product_cat-feeders-acessorios-descanso-de-cana","8":"product_cat-panier-acessorios-descanso-de-cana","9":"product_cat-feeders-acessorios","10":"product_cat-panier-acessorios","12":"first","13":"instock","14":"shipping-taxable","15":"purchasable","16":"product-type-variable"},"acf":[],"_links":{"self":[{"href":"https:\/\/sopesca.pt\/es\/wp-json\/wp\/v2\/product\/100870","targetHints":{"allow":["GET"]}}],"collection":[{"href":"https:\/\/sopesca.pt\/es\/wp-json\/wp\/v2\/product"}],"about":[{"href":"https:\/\/sopesca.pt\/es\/wp-json\/wp\/v2\/types\/product"}],"replies":[{"embeddable":true,"href":"https:\/\/sopesca.pt\/es\/wp-json\/wp\/v2\/comments?post=100870"}],"wp:featuredmedia":[{"embeddable":true,"href":"https:\/\/sopesca.pt\/es\/wp-json\/wp\/v2\/media\/49824"}],"wp:attachment":[{"href":"https:\/\/sopesca.pt\/es\/wp-json\/wp\/v2\/media?parent=100870"}],"wp:term":[{"taxonomy":"product_brand","embeddable":true,"href":"https:\/\/sopesca.pt\/es\/wp-json\/wp\/v2\/product_brand?post=100870"},{"taxonomy":"product_cat","embeddable":true,"href":"https:\/\/sopesca.pt\/es\/wp-json\/wp\/v2\/product_cat?post=100870"},{"taxonomy":"product_tag","embeddable":true,"href":"https:\/\/sopesca.pt\/es\/wp-json\/wp\/v2\/product_tag?post=100870"}],"curies":[{"name":"wp","href":"https:\/\/api.w.org\/{rel}","templated":true}]}}