{"id":100872,"date":"2026-02-21T23:37:45","date_gmt":"2026-02-21T23:37:45","guid":{"rendered":"http:\/\/matchbaits.pt\/?post_type=product&#038;p=100872"},"modified":"2026-03-04T10:01:07","modified_gmt":"2026-03-04T10:01:07","slug":"double-slider-winders","status":"publish","type":"product","link":"https:\/\/sopesca.pt\/es\/producto\/double-slider-winders\/","title":{"rendered":"Double Slider Winders"},"content":{"rendered":"<h2>Preston Double Slider Winders<\/h2>\n<p>&nbsp;<\/p>\n<p>Novo e melhorado enrolador. Os Double Winders, agora com dois controlos deslizantes, podem armazenar duas montagens em cada um.<\/p>\n<p>H\u00e1 um entalhe para o seu anzol e um pino que prenderia um la\u00e7o, significando que as montagens podem ser amarradas e os terminais adicionados se necess\u00e1rio &#8211; sem danificar a linha.<\/p>\n<p>Dispon\u00edvel numa ampla gama de tamanhos, codificados por cores para atender a cada tamanho. Tamb\u00e9m dispon\u00edvel em bandejas, caixas e o novo sistema de bandeja para o Paniel Absolute. A \u00e2ncora deslizante pode ser movida ao longo de todo o comprimento do enrolador. H\u00e1 um pino de reten\u00e7\u00e3o pequeno em ambas as extremidades do controlo deslizante assim que n\u00e3o importa a maneira que voc\u00ea enrola a sua montagem. O gancho c\u00f4nico &#8216;V&#8217; segurando slot pode acomodar anzois t\u00e3o pequenos como tamanho 26 sem danos.<\/p>\n<p>Dispon\u00edvel com seis tamanhos de enrolador de 13cm, 18cm, 20cm, 22cm, 26cm e 26cm de largura.<\/p>","protected":false},"excerpt":{"rendered":"<p>Preston Double Slider Winders &nbsp; Novo e melhorado enrolador. Os Double Winders, agora com dois controlos deslizantes, podem armazenar duas montagens em cada um. H\u00e1 um entalhe para o seu anzol e um pino que prenderia um la\u00e7o, significando que as montagens podem ser amarradas e os terminais adicionados se necess\u00e1rio &#8211; sem danificar a [&hellip;]<\/p>\n","protected":false},"featured_media":49822,"comment_status":"open","ping_status":"closed","template":"","meta":{"_acf_changed":false},"product_brand":[153],"product_cat":[2366,2297],"product_tag":[],"class_list":{"0":"post-100872","1":"product","2":"type-product","3":"status-publish","4":"has-post-thumbnail","6":"product_brand-preston","7":"product_cat-acessorios","8":"product_cat-acessorios-francesa-inglesa","10":"first","11":"instock","12":"shipping-taxable","13":"purchasable","14":"product-type-variable"},"acf":[],"_links":{"self":[{"href":"https:\/\/sopesca.pt\/es\/wp-json\/wp\/v2\/product\/100872","targetHints":{"allow":["GET"]}}],"collection":[{"href":"https:\/\/sopesca.pt\/es\/wp-json\/wp\/v2\/product"}],"about":[{"href":"https:\/\/sopesca.pt\/es\/wp-json\/wp\/v2\/types\/product"}],"replies":[{"embeddable":true,"href":"https:\/\/sopesca.pt\/es\/wp-json\/wp\/v2\/comments?post=100872"}],"wp:featuredmedia":[{"embeddable":true,"href":"https:\/\/sopesca.pt\/es\/wp-json\/wp\/v2\/media\/49822"}],"wp:attachment":[{"href":"https:\/\/sopesca.pt\/es\/wp-json\/wp\/v2\/media?parent=100872"}],"wp:term":[{"taxonomy":"product_brand","embeddable":true,"href":"https:\/\/sopesca.pt\/es\/wp-json\/wp\/v2\/product_brand?post=100872"},{"taxonomy":"product_cat","embeddable":true,"href":"https:\/\/sopesca.pt\/es\/wp-json\/wp\/v2\/product_cat?post=100872"},{"taxonomy":"product_tag","embeddable":true,"href":"https:\/\/sopesca.pt\/es\/wp-json\/wp\/v2\/product_tag?post=100872"}],"curies":[{"name":"wp","href":"https:\/\/api.w.org\/{rel}","templated":true}]}}