{"id":100895,"date":"2026-02-21T23:37:51","date_gmt":"2026-02-21T23:37:51","guid":{"rendered":"http:\/\/matchbaits.pt\/?post_type=product&#038;p=100895"},"modified":"2026-03-04T10:03:47","modified_gmt":"2026-03-04T10:03:47","slug":"dancer-frog","status":"publish","type":"product","link":"https:\/\/sopesca.pt\/es\/producto\/dancer-frog\/","title":{"rendered":"Dancer Frog"},"content":{"rendered":"<p>Rapture Dancer Frog<\/p>\n<p>As pernas, feito de um fio de el\u00e1stico de silicone, que garante uma excelente mobilidade, de modo a evitar obst\u00e1culos. Anz\u00f3is duplos com que \u00e9 armado s\u00e3o n\u00edtidos, fortes e grossos, capazes de agarrar peixe grande em locais com vegeta\u00e7\u00e3o muito densa. Dentro do corpo h\u00e1 uma esfera (chocalho), voc\u00ea tamb\u00e9m pode perceber-lo \u00e0 dist\u00e2ncia ou quando voc\u00ea usar jogando-o para pastagens ou nos juncos mais intrincados. Este tal\u00e3o \u00e9 removido para aumentar a flutuabilidade da r\u00e3, tornando-se mais vis\u00edvel, desmontagem e remontagem de veda\u00e7\u00e3o colocado sob o ventre. Dispon\u00edvel em cinco coloreazioni tr\u00eas tamanhos: 45 mm x 7 g; 55 mil\u00edmetros x 14 mm x 16 g e 65 g.<\/p>","protected":false},"excerpt":{"rendered":"<p>Rapture Dancer Frog As pernas, feito de um fio de el\u00e1stico de silicone, que garante uma excelente mobilidade, de modo a evitar obst\u00e1culos. Anz\u00f3is duplos com que \u00e9 armado s\u00e3o n\u00edtidos, fortes e grossos, capazes de agarrar peixe grande em locais com vegeta\u00e7\u00e3o muito densa. Dentro do corpo h\u00e1 uma esfera (chocalho), voc\u00ea tamb\u00e9m pode [&hellip;]<\/p>\n","protected":false},"featured_media":25613,"comment_status":"open","ping_status":"closed","template":"","meta":{"_acf_changed":false},"product_brand":[337],"product_cat":[2308,2310],"product_tag":[],"class_list":{"0":"post-100895","1":"product","2":"type-product","3":"status-publish","4":"has-post-thumbnail","6":"product_brand-rapture","7":"product_cat-predadores","8":"product_cat-predadores-vinis","10":"first","11":"instock","12":"shipping-taxable","13":"purchasable","14":"product-type-variable"},"acf":[],"_links":{"self":[{"href":"https:\/\/sopesca.pt\/es\/wp-json\/wp\/v2\/product\/100895","targetHints":{"allow":["GET"]}}],"collection":[{"href":"https:\/\/sopesca.pt\/es\/wp-json\/wp\/v2\/product"}],"about":[{"href":"https:\/\/sopesca.pt\/es\/wp-json\/wp\/v2\/types\/product"}],"replies":[{"embeddable":true,"href":"https:\/\/sopesca.pt\/es\/wp-json\/wp\/v2\/comments?post=100895"}],"wp:featuredmedia":[{"embeddable":true,"href":"https:\/\/sopesca.pt\/es\/wp-json\/wp\/v2\/media\/25613"}],"wp:attachment":[{"href":"https:\/\/sopesca.pt\/es\/wp-json\/wp\/v2\/media?parent=100895"}],"wp:term":[{"taxonomy":"product_brand","embeddable":true,"href":"https:\/\/sopesca.pt\/es\/wp-json\/wp\/v2\/product_brand?post=100895"},{"taxonomy":"product_cat","embeddable":true,"href":"https:\/\/sopesca.pt\/es\/wp-json\/wp\/v2\/product_cat?post=100895"},{"taxonomy":"product_tag","embeddable":true,"href":"https:\/\/sopesca.pt\/es\/wp-json\/wp\/v2\/product_tag?post=100895"}],"curies":[{"name":"wp","href":"https:\/\/api.w.org\/{rel}","templated":true}]}}