{"id":100985,"date":"2026-02-21T23:38:08","date_gmt":"2026-02-21T23:38:08","guid":{"rendered":"http:\/\/matchbaits.pt\/?post_type=product&#038;p=100985"},"modified":"2026-03-04T14:18:30","modified_gmt":"2026-03-04T14:18:30","slug":"natural-white","status":"publish","type":"product","link":"https:\/\/sopesca.pt\/es\/producto\/natural-white\/","title":{"rendered":"Natural White"},"content":{"rendered":"<p>PescaViva Natural White SWEETCORN BRANCO NATURAL. Gr\u00e3os muito macios de cultivo especial de milho branco. Muito doce. Sem adi\u00e7\u00e3o de sabores ou colora\u00e7\u00e3o. Sweetcorn branco \u00e9 adequado para a pesca de bremes e tamb\u00e9m como uma alternativa ao milho amarelo ou colorido para a pesca da carpa e outros peixes. Cont\u00e9m: gr\u00e3os de milho doce, \u00e1gua, a\u00e7\u00facar, sal N\u00c3O CONT\u00c9M CONSERVANTES ARTIFICIAIS OU OUTRAS SUBST\u00c2NCIAS T\u00d3XICAS Peso l\u00edquido 340 gr. Peso drenado 285 gr.<\/p>","protected":false},"excerpt":{"rendered":"<p>PescaViva Natural White SWEETCORN BRANCO NATURAL. Gr\u00e3os muito macios de cultivo especial de milho branco. Muito doce. Sem adi\u00e7\u00e3o de sabores ou colora\u00e7\u00e3o. Sweetcorn branco \u00e9 adequado para a pesca de bremes e tamb\u00e9m como uma alternativa ao milho amarelo ou colorido para a pesca da carpa e outros peixes. Cont\u00e9m: gr\u00e3os de milho doce, [&hellip;]<\/p>\n","protected":false},"featured_media":25040,"comment_status":"open","ping_status":"closed","template":"","meta":{"_acf_changed":false},"product_brand":[216],"product_cat":[2282,2284],"product_tag":[],"class_list":{"0":"post-100985","1":"product","2":"type-product","3":"status-publish","4":"has-post-thumbnail","6":"product_brand-amorim","7":"product_cat-iscos-colas","8":"product_cat-iscos-colas-milho-sementes","10":"first","11":"outofstock","12":"shipping-taxable","13":"purchasable","14":"product-type-variable"},"acf":[],"_links":{"self":[{"href":"https:\/\/sopesca.pt\/es\/wp-json\/wp\/v2\/product\/100985","targetHints":{"allow":["GET"]}}],"collection":[{"href":"https:\/\/sopesca.pt\/es\/wp-json\/wp\/v2\/product"}],"about":[{"href":"https:\/\/sopesca.pt\/es\/wp-json\/wp\/v2\/types\/product"}],"replies":[{"embeddable":true,"href":"https:\/\/sopesca.pt\/es\/wp-json\/wp\/v2\/comments?post=100985"}],"wp:featuredmedia":[{"embeddable":true,"href":"https:\/\/sopesca.pt\/es\/wp-json\/wp\/v2\/media\/25040"}],"wp:attachment":[{"href":"https:\/\/sopesca.pt\/es\/wp-json\/wp\/v2\/media?parent=100985"}],"wp:term":[{"taxonomy":"product_brand","embeddable":true,"href":"https:\/\/sopesca.pt\/es\/wp-json\/wp\/v2\/product_brand?post=100985"},{"taxonomy":"product_cat","embeddable":true,"href":"https:\/\/sopesca.pt\/es\/wp-json\/wp\/v2\/product_cat?post=100985"},{"taxonomy":"product_tag","embeddable":true,"href":"https:\/\/sopesca.pt\/es\/wp-json\/wp\/v2\/product_tag?post=100985"}],"curies":[{"name":"wp","href":"https:\/\/api.w.org\/{rel}","templated":true}]}}