{"id":101047,"date":"2026-02-21T23:38:19","date_gmt":"2026-02-21T23:38:19","guid":{"rendered":"http:\/\/matchbaits.pt\/?post_type=product&#038;p=101047"},"modified":"2026-03-04T14:27:56","modified_gmt":"2026-03-04T14:27:56","slug":"wn501","status":"publish","type":"product","link":"https:\/\/sopesca.pt\/es\/producto\/wn501\/","title":{"rendered":"WN501"},"content":{"rendered":"<p>Colmic WN501<\/p>\n<p>Recomendado para pesca \u00e0s carpas, onde h\u00e1 necessidade real de n\u00e3o ferir a boca dos peixes que s\u00e3o repetidamente pescados.<\/p>","protected":false},"excerpt":{"rendered":"<p>Colmic WN501 Recomendado para pesca \u00e0s carpas, onde h\u00e1 necessidade real de n\u00e3o ferir a boca dos peixes que s\u00e3o repetidamente pescados.<\/p>","protected":false},"featured_media":25491,"comment_status":"open","ping_status":"closed","template":"","meta":{"_acf_changed":false},"product_brand":[136],"product_cat":[2289,2290],"product_tag":[],"class_list":{"0":"post-101047","1":"product","2":"type-product","3":"status-publish","4":"has-post-thumbnail","6":"product_brand-colmic","7":"product_cat-fios-anzois-anzois-p-rio","8":"product_cat-fios-anzois","10":"first","11":"instock","12":"shipping-taxable","13":"purchasable","14":"product-type-variable"},"acf":[],"_links":{"self":[{"href":"https:\/\/sopesca.pt\/es\/wp-json\/wp\/v2\/product\/101047","targetHints":{"allow":["GET"]}}],"collection":[{"href":"https:\/\/sopesca.pt\/es\/wp-json\/wp\/v2\/product"}],"about":[{"href":"https:\/\/sopesca.pt\/es\/wp-json\/wp\/v2\/types\/product"}],"replies":[{"embeddable":true,"href":"https:\/\/sopesca.pt\/es\/wp-json\/wp\/v2\/comments?post=101047"}],"wp:featuredmedia":[{"embeddable":true,"href":"https:\/\/sopesca.pt\/es\/wp-json\/wp\/v2\/media\/25491"}],"wp:attachment":[{"href":"https:\/\/sopesca.pt\/es\/wp-json\/wp\/v2\/media?parent=101047"}],"wp:term":[{"taxonomy":"product_brand","embeddable":true,"href":"https:\/\/sopesca.pt\/es\/wp-json\/wp\/v2\/product_brand?post=101047"},{"taxonomy":"product_cat","embeddable":true,"href":"https:\/\/sopesca.pt\/es\/wp-json\/wp\/v2\/product_cat?post=101047"},{"taxonomy":"product_tag","embeddable":true,"href":"https:\/\/sopesca.pt\/es\/wp-json\/wp\/v2\/product_tag?post=101047"}],"curies":[{"name":"wp","href":"https:\/\/api.w.org\/{rel}","templated":true}]}}