{"id":101136,"date":"2026-02-21T23:38:35","date_gmt":"2026-02-21T23:38:35","guid":{"rendered":"http:\/\/matchbaits.pt\/?post_type=product&#038;p=101136"},"modified":"2026-03-11T11:39:11","modified_gmt":"2026-03-11T11:39:11","slug":"keepnet-arm","status":"publish","type":"product","link":"https:\/\/sopesca.pt\/es\/producto\/keepnet-arm\/","title":{"rendered":"Keepnet Arm"},"content":{"rendered":"<p>Keepnet Arm Pode ser girado em qualquer posi\u00e7\u00e3o, permite a remo\u00e7\u00e3o r\u00e1pida para pesagem. Completo com Quick Release Insert para coloca\u00e7\u00e3o r\u00e1pida da manga e de um modo facil. Vem em dois tamanhos, curto e longo para cobrir uma grande variedade de situa\u00e7\u00f5es de pesca. Insertos Fornecidos &#8211; Rodada de 30mm, Rodada de 25mm, OffBox de 23mm<\/p>","protected":false},"excerpt":{"rendered":"<p>Keepnet Arm Pode ser girado em qualquer posi\u00e7\u00e3o, permite a remo\u00e7\u00e3o r\u00e1pida para pesagem. Completo com Quick Release Insert para coloca\u00e7\u00e3o r\u00e1pida da manga e de um modo facil. Vem em dois tamanhos, curto e longo para cobrir uma grande variedade de situa\u00e7\u00f5es de pesca. Insertos Fornecidos &#8211; Rodada de 30mm, Rodada de 25mm, OffBox [&hellip;]<\/p>\n","protected":false},"featured_media":25464,"comment_status":"open","ping_status":"closed","template":"","meta":{"_acf_changed":false},"product_brand":[153],"product_cat":[2369,2300],"product_tag":[],"class_list":{"0":"post-101136","1":"product","2":"type-product","3":"status-publish","4":"has-post-thumbnail","6":"product_brand-preston","7":"product_cat-panier-acessorios-bracos","8":"product_cat-panier-acessorios","10":"first","11":"instock","12":"shipping-taxable","13":"purchasable","14":"product-type-variable"},"acf":[],"_links":{"self":[{"href":"https:\/\/sopesca.pt\/es\/wp-json\/wp\/v2\/product\/101136","targetHints":{"allow":["GET"]}}],"collection":[{"href":"https:\/\/sopesca.pt\/es\/wp-json\/wp\/v2\/product"}],"about":[{"href":"https:\/\/sopesca.pt\/es\/wp-json\/wp\/v2\/types\/product"}],"replies":[{"embeddable":true,"href":"https:\/\/sopesca.pt\/es\/wp-json\/wp\/v2\/comments?post=101136"}],"wp:featuredmedia":[{"embeddable":true,"href":"https:\/\/sopesca.pt\/es\/wp-json\/wp\/v2\/media\/25464"}],"wp:attachment":[{"href":"https:\/\/sopesca.pt\/es\/wp-json\/wp\/v2\/media?parent=101136"}],"wp:term":[{"taxonomy":"product_brand","embeddable":true,"href":"https:\/\/sopesca.pt\/es\/wp-json\/wp\/v2\/product_brand?post=101136"},{"taxonomy":"product_cat","embeddable":true,"href":"https:\/\/sopesca.pt\/es\/wp-json\/wp\/v2\/product_cat?post=101136"},{"taxonomy":"product_tag","embeddable":true,"href":"https:\/\/sopesca.pt\/es\/wp-json\/wp\/v2\/product_tag?post=101136"}],"curies":[{"name":"wp","href":"https:\/\/api.w.org\/{rel}","templated":true}]}}