{"id":101316,"date":"2026-02-21T23:39:16","date_gmt":"2026-02-21T23:39:16","guid":{"rendered":"http:\/\/matchbaits.pt\/?post_type=product&#038;p=101316"},"modified":"2026-03-11T11:24:03","modified_gmt":"2026-03-11T11:24:03","slug":"deluxe-kit-safe","status":"publish","type":"product","link":"https:\/\/sopesca.pt\/es\/producto\/deluxe-kit-safe\/","title":{"rendered":"Deluxe Kit Safe"},"content":{"rendered":"<h2>Deluxe Kit Safe<\/h2>\n<p>&nbsp;<\/p>\n<p>Este \u00e9 o \u00faltimo kit roost que fornece ao pescador com uma solu\u00e7\u00e3o altamente vers\u00e1til e est\u00e1vel para armazenar kits e canas de inglesa ou feeder. O bra\u00e7o rotativo ajust\u00e1vel 3-6-D OffBox Pro SnapLok d\u00e1-lhe a liberdade de posicionar os seus kits superiores em qualquer \u00e2ngulo, nas imedia\u00e7\u00f5es do seu panier ou bandeja lateral, mantendo-os \u00e0 m\u00e3o e evitando obstru\u00e7\u00f5es do lado do banco.<\/p>\n<p>A suave cabe\u00e7a EVA Roost pode acomodar at\u00e9 12 kits e os sulcos largos permitem alojar se\u00e7\u00f5es maiores, at\u00e9 e incluindo as 5 sec\u00e7\u00f5es. A chance dos\u00a0seus kits voarem com o vento \u00e9 minimizada devido \u00e0 cabe\u00e7a traseira do EVA cativa que os segura de forma segura no lugar. Esta cabe\u00e7a traseira tamb\u00e9m possui uma base s\u00f3lida Pulla Bung, que serve para cada kit que voc\u00ea provavelmente usar\u00e1.Ambas as cabe\u00e7as integraram SnapLok Quick Release Inserts, aumentando a efici\u00eancia e garantindo que o Deluxe KitSafe seja compacto quando embalado.<\/p>\n<p>O comprimento e a altura s\u00e3o ambos ajust\u00e1veis usando as Camadas de Libera\u00e7\u00e3o R\u00e1pida e tamb\u00e9m inclu\u00eddas como padr\u00e3o \u00e9 uma cinta de estabilidade ajust\u00e1vel que \u00e9 projetada para se encaixar em um peso pesado, como um balde de engodo, este suporte extra d\u00e1-lhe mais paz de esp\u00edrito em extremas condi\u00e7\u00f5es de tempo.Fornecido em uma mala de transporte acolchoada de s\u00e9rie e compat\u00edvel com perfis de perna at\u00e9 36mm de di\u00e2metro.<\/p>","protected":false},"excerpt":{"rendered":"<p>Deluxe Kit Safe &nbsp; Este \u00e9 o \u00faltimo kit roost que fornece ao pescador com uma solu\u00e7\u00e3o altamente vers\u00e1til e est\u00e1vel para armazenar kits e canas de inglesa ou feeder. O bra\u00e7o rotativo ajust\u00e1vel 3-6-D OffBox Pro SnapLok d\u00e1-lhe a liberdade de posicionar os seus kits superiores em qualquer \u00e2ngulo, nas imedia\u00e7\u00f5es do seu panier [&hellip;]<\/p>\n","protected":false},"featured_media":50876,"comment_status":"open","ping_status":"closed","template":"","meta":{"_acf_changed":false},"product_brand":[153],"product_cat":[2300,2377],"product_tag":[],"class_list":{"0":"post-101316","1":"product","2":"type-product","3":"status-publish","4":"has-post-thumbnail","6":"product_brand-preston","7":"product_cat-panier-acessorios","8":"product_cat-panier-acessorios-suporte-de-kits","10":"first","11":"instock","12":"shipping-taxable","13":"purchasable","14":"product-type-variable"},"acf":[],"_links":{"self":[{"href":"https:\/\/sopesca.pt\/es\/wp-json\/wp\/v2\/product\/101316","targetHints":{"allow":["GET"]}}],"collection":[{"href":"https:\/\/sopesca.pt\/es\/wp-json\/wp\/v2\/product"}],"about":[{"href":"https:\/\/sopesca.pt\/es\/wp-json\/wp\/v2\/types\/product"}],"replies":[{"embeddable":true,"href":"https:\/\/sopesca.pt\/es\/wp-json\/wp\/v2\/comments?post=101316"}],"wp:featuredmedia":[{"embeddable":true,"href":"https:\/\/sopesca.pt\/es\/wp-json\/wp\/v2\/media\/50876"}],"wp:attachment":[{"href":"https:\/\/sopesca.pt\/es\/wp-json\/wp\/v2\/media?parent=101316"}],"wp:term":[{"taxonomy":"product_brand","embeddable":true,"href":"https:\/\/sopesca.pt\/es\/wp-json\/wp\/v2\/product_brand?post=101316"},{"taxonomy":"product_cat","embeddable":true,"href":"https:\/\/sopesca.pt\/es\/wp-json\/wp\/v2\/product_cat?post=101316"},{"taxonomy":"product_tag","embeddable":true,"href":"https:\/\/sopesca.pt\/es\/wp-json\/wp\/v2\/product_tag?post=101316"}],"curies":[{"name":"wp","href":"https:\/\/api.w.org\/{rel}","templated":true}]}}