{"id":101319,"date":"2026-02-21T23:39:16","date_gmt":"2026-02-21T23:39:16","guid":{"rendered":"http:\/\/matchbaits.pt\/?post_type=product&#038;p=101319"},"modified":"2026-03-11T11:29:21","modified_gmt":"2026-03-11T11:29:21","slug":"ripple-bar-double","status":"publish","type":"product","link":"https:\/\/sopesca.pt\/es\/producto\/ripple-bar-double\/","title":{"rendered":"Ripple Bar Double"},"content":{"rendered":"<p>Ripple Bar Double<\/p>\n<p>Possui dois segmentos para anexar uma infinidade de acess\u00f3rios. Tamb\u00e9m pode ser usado para manter se\u00e7\u00f5es da cana quando n\u00e3o estiverem em uso.<\/p>\n<p>Inser\u00e7\u00f5es fornecidas &#8211; 30mm, 25mm e 23mm OffBox<\/p>","protected":false},"excerpt":{"rendered":"<p>Ripple Bar Double Possui dois segmentos para anexar uma infinidade de acess\u00f3rios. Tamb\u00e9m pode ser usado para manter se\u00e7\u00f5es da cana quando n\u00e3o estiverem em uso. Inser\u00e7\u00f5es fornecidas &#8211; 30mm, 25mm e 23mm OffBox<\/p>","protected":false},"featured_media":25322,"comment_status":"open","ping_status":"closed","template":"","meta":{"_acf_changed":false},"product_brand":[153],"product_cat":[2369,2300],"product_tag":[],"class_list":{"0":"post-101319","1":"product","2":"type-product","3":"status-publish","4":"has-post-thumbnail","6":"product_brand-preston","7":"product_cat-panier-acessorios-bracos","8":"product_cat-panier-acessorios","10":"first","11":"instock","12":"shipping-taxable","13":"purchasable","14":"product-type-variable"},"acf":[],"_links":{"self":[{"href":"https:\/\/sopesca.pt\/es\/wp-json\/wp\/v2\/product\/101319","targetHints":{"allow":["GET"]}}],"collection":[{"href":"https:\/\/sopesca.pt\/es\/wp-json\/wp\/v2\/product"}],"about":[{"href":"https:\/\/sopesca.pt\/es\/wp-json\/wp\/v2\/types\/product"}],"replies":[{"embeddable":true,"href":"https:\/\/sopesca.pt\/es\/wp-json\/wp\/v2\/comments?post=101319"}],"wp:featuredmedia":[{"embeddable":true,"href":"https:\/\/sopesca.pt\/es\/wp-json\/wp\/v2\/media\/25322"}],"wp:attachment":[{"href":"https:\/\/sopesca.pt\/es\/wp-json\/wp\/v2\/media?parent=101319"}],"wp:term":[{"taxonomy":"product_brand","embeddable":true,"href":"https:\/\/sopesca.pt\/es\/wp-json\/wp\/v2\/product_brand?post=101319"},{"taxonomy":"product_cat","embeddable":true,"href":"https:\/\/sopesca.pt\/es\/wp-json\/wp\/v2\/product_cat?post=101319"},{"taxonomy":"product_tag","embeddable":true,"href":"https:\/\/sopesca.pt\/es\/wp-json\/wp\/v2\/product_tag?post=101319"}],"curies":[{"name":"wp","href":"https:\/\/api.w.org\/{rel}","templated":true}]}}