{"id":101342,"date":"2026-02-21T23:39:24","date_gmt":"2026-02-21T23:39:24","guid":{"rendered":"http:\/\/matchbaits.pt\/?post_type=product&#038;p=101342"},"modified":"2026-03-11T11:27:01","modified_gmt":"2026-03-11T11:27:01","slug":"daiwa-hydroelastic","status":"publish","type":"product","link":"https:\/\/sopesca.pt\/es\/producto\/daiwa-hydroelastic\/","title":{"rendered":"Daiwa Hydroelastic"},"content":{"rendered":"<h1>Daiwa Hydroelastic<\/h1>\n<p>&nbsp;<\/p>\n<p>Hydrolastic \u00e9 um conceito revolucion\u00e1rio em el\u00e1sticos de francesa. Oferece um desempenho multi-fase que oferece uma ampla escala de classifica\u00e7\u00f5es dentro de uma configura\u00e7\u00e3o, o que \u00e9 perfeito para pescarias mistas em locais de alta taxa de captura. Agarre um peixe grande e o Hydrolastic aumentar\u00e1 para uma classifica\u00e7\u00e3o mais alta, pois \u00e9 carregado com mais &#8220;dar&#8221; do que os el\u00e1sticos pesados padr\u00e3o. Ao contr\u00e1rio de outros tipos, a Hydrolastic possui uma constru\u00e7\u00e3o oca, que \u00e9 preenchida com um fluido secreto de alto desempenho e \u00e9 um projeto totalmente patenteado. O el\u00e1stico se estende primeiro, ent\u00e3o, quando comprimido, as paredes internas fecham e s\u00e3o mantidas afastadas pelo fluido.<\/p>","protected":false},"excerpt":{"rendered":"<p>Daiwa Hydroelastic &nbsp; Hydrolastic \u00e9 um conceito revolucion\u00e1rio em el\u00e1sticos de francesa. Oferece um desempenho multi-fase que oferece uma ampla escala de classifica\u00e7\u00f5es dentro de uma configura\u00e7\u00e3o, o que \u00e9 perfeito para pescarias mistas em locais de alta taxa de captura. Agarre um peixe grande e o Hydrolastic aumentar\u00e1 para uma classifica\u00e7\u00e3o mais alta, pois [&hellip;]<\/p>\n","protected":false},"featured_media":25180,"comment_status":"open","ping_status":"closed","template":"","meta":{"_acf_changed":false},"product_brand":[581],"product_cat":[2276,2275],"product_tag":[],"class_list":{"0":"post-101342","1":"product","2":"type-product","3":"status-publish","4":"has-post-thumbnail","6":"product_brand-daiwa","7":"product_cat-canas-acessorios","8":"product_cat-canas-acessorios-elasticos-acessorios","10":"first","11":"instock","12":"shipping-taxable","13":"purchasable","14":"product-type-variable"},"acf":[],"_links":{"self":[{"href":"https:\/\/sopesca.pt\/es\/wp-json\/wp\/v2\/product\/101342","targetHints":{"allow":["GET"]}}],"collection":[{"href":"https:\/\/sopesca.pt\/es\/wp-json\/wp\/v2\/product"}],"about":[{"href":"https:\/\/sopesca.pt\/es\/wp-json\/wp\/v2\/types\/product"}],"replies":[{"embeddable":true,"href":"https:\/\/sopesca.pt\/es\/wp-json\/wp\/v2\/comments?post=101342"}],"wp:featuredmedia":[{"embeddable":true,"href":"https:\/\/sopesca.pt\/es\/wp-json\/wp\/v2\/media\/25180"}],"wp:attachment":[{"href":"https:\/\/sopesca.pt\/es\/wp-json\/wp\/v2\/media?parent=101342"}],"wp:term":[{"taxonomy":"product_brand","embeddable":true,"href":"https:\/\/sopesca.pt\/es\/wp-json\/wp\/v2\/product_brand?post=101342"},{"taxonomy":"product_cat","embeddable":true,"href":"https:\/\/sopesca.pt\/es\/wp-json\/wp\/v2\/product_cat?post=101342"},{"taxonomy":"product_tag","embeddable":true,"href":"https:\/\/sopesca.pt\/es\/wp-json\/wp\/v2\/product_tag?post=101342"}],"curies":[{"name":"wp","href":"https:\/\/api.w.org\/{rel}","templated":true}]}}