{"id":101501,"date":"2026-02-21T23:39:53","date_gmt":"2026-02-21T23:39:53","guid":{"rendered":"http:\/\/matchbaits.pt\/?post_type=product&#038;p=101501"},"modified":"2026-03-11T11:12:32","modified_gmt":"2026-03-11T11:12:32","slug":"hitch-front-axle","status":"publish","type":"product","link":"https:\/\/sopesca.pt\/es\/producto\/hitch-front-axle\/","title":{"rendered":"Hitch Front Axle"},"content":{"rendered":"<p>Hitch Front Axle<\/p>\n<p>\u00datil para adaptar no panier para coloca\u00e7\u00e3o da manga.<\/p>","protected":false},"excerpt":{"rendered":"<p>Hitch Front Axle \u00datil para adaptar no panier para coloca\u00e7\u00e3o da manga.<\/p>","protected":false},"featured_media":50555,"comment_status":"open","ping_status":"closed","template":"","meta":{"_acf_changed":false},"product_brand":[268],"product_cat":[2367,2300],"product_tag":[],"class_list":{"0":"post-101501","1":"product","2":"type-product","3":"status-publish","4":"has-post-thumbnail","6":"product_brand-rive","7":"product_cat-panier-acessorios-acessorios","8":"product_cat-panier-acessorios","10":"first","11":"outofstock","12":"shipping-taxable","13":"purchasable","14":"product-type-variable"},"acf":[],"_links":{"self":[{"href":"https:\/\/sopesca.pt\/es\/wp-json\/wp\/v2\/product\/101501","targetHints":{"allow":["GET"]}}],"collection":[{"href":"https:\/\/sopesca.pt\/es\/wp-json\/wp\/v2\/product"}],"about":[{"href":"https:\/\/sopesca.pt\/es\/wp-json\/wp\/v2\/types\/product"}],"replies":[{"embeddable":true,"href":"https:\/\/sopesca.pt\/es\/wp-json\/wp\/v2\/comments?post=101501"}],"wp:featuredmedia":[{"embeddable":true,"href":"https:\/\/sopesca.pt\/es\/wp-json\/wp\/v2\/media\/50555"}],"wp:attachment":[{"href":"https:\/\/sopesca.pt\/es\/wp-json\/wp\/v2\/media?parent=101501"}],"wp:term":[{"taxonomy":"product_brand","embeddable":true,"href":"https:\/\/sopesca.pt\/es\/wp-json\/wp\/v2\/product_brand?post=101501"},{"taxonomy":"product_cat","embeddable":true,"href":"https:\/\/sopesca.pt\/es\/wp-json\/wp\/v2\/product_cat?post=101501"},{"taxonomy":"product_tag","embeddable":true,"href":"https:\/\/sopesca.pt\/es\/wp-json\/wp\/v2\/product_tag?post=101501"}],"curies":[{"name":"wp","href":"https:\/\/api.w.org\/{rel}","templated":true}]}}