{"id":101711,"date":"2026-02-21T23:40:40","date_gmt":"2026-02-21T23:40:40","guid":{"rendered":"http:\/\/matchbaits.pt\/?post_type=product&#038;p=101711"},"modified":"2026-03-10T10:35:33","modified_gmt":"2026-03-10T10:35:33","slug":"diamond-eye-threader","status":"publish","type":"product","link":"https:\/\/sopesca.pt\/es\/producto\/diamond-eye-threader\/","title":{"rendered":"Diamond Eye Threader"},"content":{"rendered":"<h2>Diamond Eye Threader<\/h2>\n<p>&nbsp;<\/p>\n<p>Projetado com um olho em forma de diamante que aperta o el\u00e1stico, o Preston Threader est\u00e1 dispon\u00edvel em um comprimento extra longo (2.1m) para elementos longos.<\/p>","protected":false},"excerpt":{"rendered":"<p>Diamond Eye Threader &nbsp; Projetado com um olho em forma de diamante que aperta o el\u00e1stico, o Preston Threader est\u00e1 dispon\u00edvel em um comprimento extra longo (2.1m) para elementos longos.<\/p>","protected":false},"featured_media":25128,"comment_status":"open","ping_status":"closed","template":"","meta":{"_acf_changed":false},"product_brand":[153],"product_cat":[2366,2276,2275,2297],"product_tag":[],"class_list":{"0":"post-101711","1":"product","2":"type-product","3":"status-publish","4":"has-post-thumbnail","6":"product_brand-preston","7":"product_cat-acessorios","8":"product_cat-canas-acessorios","9":"product_cat-canas-acessorios-elasticos-acessorios","10":"product_cat-acessorios-francesa-inglesa","12":"first","13":"instock","14":"shipping-taxable","15":"purchasable","16":"product-type-variable"},"acf":[],"_links":{"self":[{"href":"https:\/\/sopesca.pt\/es\/wp-json\/wp\/v2\/product\/101711","targetHints":{"allow":["GET"]}}],"collection":[{"href":"https:\/\/sopesca.pt\/es\/wp-json\/wp\/v2\/product"}],"about":[{"href":"https:\/\/sopesca.pt\/es\/wp-json\/wp\/v2\/types\/product"}],"replies":[{"embeddable":true,"href":"https:\/\/sopesca.pt\/es\/wp-json\/wp\/v2\/comments?post=101711"}],"wp:featuredmedia":[{"embeddable":true,"href":"https:\/\/sopesca.pt\/es\/wp-json\/wp\/v2\/media\/25128"}],"wp:attachment":[{"href":"https:\/\/sopesca.pt\/es\/wp-json\/wp\/v2\/media?parent=101711"}],"wp:term":[{"taxonomy":"product_brand","embeddable":true,"href":"https:\/\/sopesca.pt\/es\/wp-json\/wp\/v2\/product_brand?post=101711"},{"taxonomy":"product_cat","embeddable":true,"href":"https:\/\/sopesca.pt\/es\/wp-json\/wp\/v2\/product_cat?post=101711"},{"taxonomy":"product_tag","embeddable":true,"href":"https:\/\/sopesca.pt\/es\/wp-json\/wp\/v2\/product_tag?post=101711"}],"curies":[{"name":"wp","href":"https:\/\/api.w.org\/{rel}","templated":true}]}}