{"id":102151,"date":"2026-02-21T23:42:09","date_gmt":"2026-02-21T23:42:09","guid":{"rendered":"http:\/\/matchbaits.pt\/produto\/supernova-carp-match-420\/"},"modified":"2026-04-13T21:21:00","modified_gmt":"2026-04-13T21:21:00","slug":"supernova-carp-match-420","status":"publish","type":"product","link":"https:\/\/sopesca.pt\/es\/producto\/supernova-carp-match-420\/","title":{"rendered":"Supernova Carp Match 420"},"content":{"rendered":"<h2>Supernova Carp Match 420<\/h2>\n<p>&nbsp;<\/p>\n<p>&nbsp;<\/p>\n<p><strong>A\u00e7\u00e3o<\/strong>: 5-30g;<\/p>\n<p><strong>Tamanho<\/strong>: 4,20m;<\/p>\n<p><strong>Material<\/strong>: Carbono;<\/p>\n<p><strong>N\u00famero de Elementos<\/strong>: 3;<\/p>\n<p><strong>Comprimento p\/elemento<\/strong>: 147cm;<\/p>\n<p><strong>N\u00famero de passadores<\/strong>:14;<\/p>\n<p><strong>Material dos aneis<\/strong>: SIC;<\/p>\n<p><strong>Cabo<\/strong>: Cork &amp; EVA;<\/p>\n<p><strong>Peso<\/strong>: 240g<\/p>","protected":false},"excerpt":{"rendered":"<p>Supernova Carp Match 420 &nbsp; &nbsp; A\u00e7\u00e3o: 5-30g; Tamanho: 4,20m; Material: Carbono; N\u00famero de Elementos: 3; Comprimento p\/elemento: 147cm; N\u00famero de passadores:14; Material dos aneis: SIC; Cabo: Cork &amp; EVA; Peso: 240g<\/p>","protected":false},"featured_media":50579,"comment_status":"open","ping_status":"closed","template":"","meta":{"_acf_changed":false},"product_brand":[779],"product_cat":[2276,2341],"product_tag":[],"class_list":{"0":"post-102151","1":"product","2":"type-product","3":"status-publish","4":"has-post-thumbnail","6":"product_brand-serie-walter","7":"product_cat-canas-acessorios","8":"product_cat-canas-acessorios-inglesa","10":"first","11":"instock","12":"shipping-taxable","13":"purchasable","14":"product-type-variable"},"acf":[],"_links":{"self":[{"href":"https:\/\/sopesca.pt\/es\/wp-json\/wp\/v2\/product\/102151","targetHints":{"allow":["GET"]}}],"collection":[{"href":"https:\/\/sopesca.pt\/es\/wp-json\/wp\/v2\/product"}],"about":[{"href":"https:\/\/sopesca.pt\/es\/wp-json\/wp\/v2\/types\/product"}],"replies":[{"embeddable":true,"href":"https:\/\/sopesca.pt\/es\/wp-json\/wp\/v2\/comments?post=102151"}],"wp:featuredmedia":[{"embeddable":true,"href":"https:\/\/sopesca.pt\/es\/wp-json\/wp\/v2\/media\/50579"}],"wp:attachment":[{"href":"https:\/\/sopesca.pt\/es\/wp-json\/wp\/v2\/media?parent=102151"}],"wp:term":[{"taxonomy":"product_brand","embeddable":true,"href":"https:\/\/sopesca.pt\/es\/wp-json\/wp\/v2\/product_brand?post=102151"},{"taxonomy":"product_cat","embeddable":true,"href":"https:\/\/sopesca.pt\/es\/wp-json\/wp\/v2\/product_cat?post=102151"},{"taxonomy":"product_tag","embeddable":true,"href":"https:\/\/sopesca.pt\/es\/wp-json\/wp\/v2\/product_tag?post=102151"}],"curies":[{"name":"wp","href":"https:\/\/api.w.org\/{rel}","templated":true}]}}