{"id":102517,"date":"2026-02-21T23:43:27","date_gmt":"2026-02-21T23:43:27","guid":{"rendered":"http:\/\/matchbaits.pt\/?post_type=product&#038;p=102517"},"modified":"2026-03-04T22:54:51","modified_gmt":"2026-03-04T22:54:51","slug":"mf-steel","status":"publish","type":"product","link":"https:\/\/sopesca.pt\/es\/producto\/mf-steel\/","title":{"rendered":"MF Steel"},"content":{"rendered":"<h2>MF Steel<\/h2>\n<p>&nbsp;<\/p>\n<p>B\u00f3ia com Atena oca, quilha met\u00e1lica e fio passante.<\/p>\n<p>Indicada para a pesca das carpas e dos barbos com asticot, milho, pellets, entre outros.<\/p>\n<p><strong>Dispon\u00edveis em:<\/strong> 0.30 \/ 0.50 \/ 0.75 \/ 1 \/ 1.5 \/ 2 gramas<\/p>","protected":false},"excerpt":{"rendered":"<p>MF Steel &nbsp; B\u00f3ia com Atena oca, quilha met\u00e1lica e fio passante. Indicada para a pesca das carpas e dos barbos com asticot, milho, pellets, entre outros. Dispon\u00edveis em: 0.30 \/ 0.50 \/ 0.75 \/ 1 \/ 1.5 \/ 2 gramas<\/p>","protected":false},"featured_media":108681,"comment_status":"open","ping_status":"closed","template":"","meta":{"_acf_changed":false},"product_brand":[2814,704],"product_cat":[2267,2266],"product_tag":[],"class_list":{"0":"post-102517","1":"product","2":"type-product","3":"status-publish","4":"has-post-thumbnail","6":"product_brand-matchbaits","7":"product_brand-matchfloat","8":"product_cat-boias","9":"product_cat-boias-francesa","11":"first","12":"instock","13":"shipping-taxable","14":"product-type-variable"},"acf":[],"_links":{"self":[{"href":"https:\/\/sopesca.pt\/es\/wp-json\/wp\/v2\/product\/102517","targetHints":{"allow":["GET"]}}],"collection":[{"href":"https:\/\/sopesca.pt\/es\/wp-json\/wp\/v2\/product"}],"about":[{"href":"https:\/\/sopesca.pt\/es\/wp-json\/wp\/v2\/types\/product"}],"replies":[{"embeddable":true,"href":"https:\/\/sopesca.pt\/es\/wp-json\/wp\/v2\/comments?post=102517"}],"wp:featuredmedia":[{"embeddable":true,"href":"https:\/\/sopesca.pt\/es\/wp-json\/wp\/v2\/media\/108681"}],"wp:attachment":[{"href":"https:\/\/sopesca.pt\/es\/wp-json\/wp\/v2\/media?parent=102517"}],"wp:term":[{"taxonomy":"product_brand","embeddable":true,"href":"https:\/\/sopesca.pt\/es\/wp-json\/wp\/v2\/product_brand?post=102517"},{"taxonomy":"product_cat","embeddable":true,"href":"https:\/\/sopesca.pt\/es\/wp-json\/wp\/v2\/product_cat?post=102517"},{"taxonomy":"product_tag","embeddable":true,"href":"https:\/\/sopesca.pt\/es\/wp-json\/wp\/v2\/product_tag?post=102517"}],"curies":[{"name":"wp","href":"https:\/\/api.w.org\/{rel}","templated":true}]}}