{"id":102541,"date":"2026-02-21T23:43:31","date_gmt":"2026-02-21T23:43:31","guid":{"rendered":"http:\/\/matchbaits.pt\/produto\/mf-sensitive\/"},"modified":"2026-03-04T22:54:51","modified_gmt":"2026-03-04T22:54:51","slug":"mf-sensitive","status":"publish","type":"product","link":"https:\/\/sopesca.pt\/es\/producto\/mf-sensitive\/","title":{"rendered":"MF Sensitive"},"content":{"rendered":"<h2>MF Sensitive<\/h2>\n<p>&nbsp;<\/p>\n<p>B\u00f3ias com antena de fibra e quilha de carbono.<\/p>\n<p>Indicada para a pesca das bogas, tainhas, pimp\u00f5es bem como de todos os peixes pequenos.<\/p>\n<p>Dispon\u00edveis nos tamanhos: 0.20 \/ 0.30 \/ 0.50 \/ 0.75 \/ 1 grama.<\/p>","protected":false},"excerpt":{"rendered":"<p>MF Sensitive &nbsp; B\u00f3ias com antena de fibra e quilha de carbono. Indicada para a pesca das bogas, tainhas, pimp\u00f5es bem como de todos os peixes pequenos. Dispon\u00edveis nos tamanhos: 0.20 \/ 0.30 \/ 0.50 \/ 0.75 \/ 1 grama.<\/p>","protected":false},"featured_media":108680,"comment_status":"open","ping_status":"closed","template":"","meta":{"_acf_changed":false},"product_brand":[2814,704],"product_cat":[2267,2266],"product_tag":[],"class_list":{"0":"post-102541","1":"product","2":"type-product","3":"status-publish","4":"has-post-thumbnail","6":"product_brand-matchbaits","7":"product_brand-matchfloat","8":"product_cat-boias","9":"product_cat-boias-francesa","11":"first","12":"instock","13":"shipping-taxable","14":"product-type-variable"},"acf":[],"_links":{"self":[{"href":"https:\/\/sopesca.pt\/es\/wp-json\/wp\/v2\/product\/102541","targetHints":{"allow":["GET"]}}],"collection":[{"href":"https:\/\/sopesca.pt\/es\/wp-json\/wp\/v2\/product"}],"about":[{"href":"https:\/\/sopesca.pt\/es\/wp-json\/wp\/v2\/types\/product"}],"replies":[{"embeddable":true,"href":"https:\/\/sopesca.pt\/es\/wp-json\/wp\/v2\/comments?post=102541"}],"wp:featuredmedia":[{"embeddable":true,"href":"https:\/\/sopesca.pt\/es\/wp-json\/wp\/v2\/media\/108680"}],"wp:attachment":[{"href":"https:\/\/sopesca.pt\/es\/wp-json\/wp\/v2\/media?parent=102541"}],"wp:term":[{"taxonomy":"product_brand","embeddable":true,"href":"https:\/\/sopesca.pt\/es\/wp-json\/wp\/v2\/product_brand?post=102541"},{"taxonomy":"product_cat","embeddable":true,"href":"https:\/\/sopesca.pt\/es\/wp-json\/wp\/v2\/product_cat?post=102541"},{"taxonomy":"product_tag","embeddable":true,"href":"https:\/\/sopesca.pt\/es\/wp-json\/wp\/v2\/product_tag?post=102541"}],"curies":[{"name":"wp","href":"https:\/\/api.w.org\/{rel}","templated":true}]}}