{"id":102816,"date":"2026-02-21T23:44:28","date_gmt":"2026-02-21T23:44:28","guid":{"rendered":"http:\/\/matchbaits.pt\/?post_type=product&#038;p=102816"},"modified":"2026-03-04T22:45:20","modified_gmt":"2026-03-04T22:45:20","slug":"terre-de-riviere-ocre","status":"publish","type":"product","link":"https:\/\/sopesca.pt\/es\/producto\/terre-de-riviere-ocre\/","title":{"rendered":"Terre de Riviere Ocre"},"content":{"rendered":"<h2>Terre de Riviere Ocre<\/h2>\n<p>&nbsp;<\/p>\n<p>Densa e pegajosa, esta terra de cor ocre \u00e9 perfeita para todos os fundos de rios de fluxo r\u00e1pido, quando voc\u00ea precisa estabilizar o engodo e &#8220;tocar&#8221; para seduzir o peixe.<\/p>\n<p>Peso: 3kgs<br \/>\nPropor\u00e7\u00e3o recomendada (%): 10-30.<\/p>","protected":false},"excerpt":{"rendered":"<p>Terre de Riviere Ocre &nbsp; Densa e pegajosa, esta terra de cor ocre \u00e9 perfeita para todos os fundos de rios de fluxo r\u00e1pido, quando voc\u00ea precisa estabilizar o engodo e &#8220;tocar&#8221; para seduzir o peixe. Peso: 3kgs Propor\u00e7\u00e3o recomendada (%): 10-30.<\/p>","protected":false},"featured_media":44647,"comment_status":"open","ping_status":"closed","template":"","meta":{"_acf_changed":false},"product_brand":[110],"product_cat":[5491,5492],"product_tag":[],"class_list":{"0":"post-102816","1":"product","2":"type-product","3":"status-publish","4":"has-post-thumbnail","6":"product_brand-sensas","7":"product_cat-engodo-terra-aditivo","8":"product_cat-engodo-terra-aditivo-terra-areia","10":"first","11":"outofstock","12":"shipping-taxable","13":"purchasable","14":"product-type-variable"},"acf":[],"_links":{"self":[{"href":"https:\/\/sopesca.pt\/es\/wp-json\/wp\/v2\/product\/102816","targetHints":{"allow":["GET"]}}],"collection":[{"href":"https:\/\/sopesca.pt\/es\/wp-json\/wp\/v2\/product"}],"about":[{"href":"https:\/\/sopesca.pt\/es\/wp-json\/wp\/v2\/types\/product"}],"replies":[{"embeddable":true,"href":"https:\/\/sopesca.pt\/es\/wp-json\/wp\/v2\/comments?post=102816"}],"wp:featuredmedia":[{"embeddable":true,"href":"https:\/\/sopesca.pt\/es\/wp-json\/wp\/v2\/media\/44647"}],"wp:attachment":[{"href":"https:\/\/sopesca.pt\/es\/wp-json\/wp\/v2\/media?parent=102816"}],"wp:term":[{"taxonomy":"product_brand","embeddable":true,"href":"https:\/\/sopesca.pt\/es\/wp-json\/wp\/v2\/product_brand?post=102816"},{"taxonomy":"product_cat","embeddable":true,"href":"https:\/\/sopesca.pt\/es\/wp-json\/wp\/v2\/product_cat?post=102816"},{"taxonomy":"product_tag","embeddable":true,"href":"https:\/\/sopesca.pt\/es\/wp-json\/wp\/v2\/product_tag?post=102816"}],"curies":[{"name":"wp","href":"https:\/\/api.w.org\/{rel}","templated":true}]}}